{"id":1937,"date":"2013-10-16T06:00:00","date_gmt":"2013-10-16T06:00:00","guid":{"rendered":"https:\/\/www.aclu-co.org\/sobre-nosotros\/"},"modified":"2013-10-16T06:00:00","modified_gmt":"2013-10-16T06:00:00","slug":"sobre-nosotros","status":"publish","type":"page","link":"https:\/\/www.aclu-co.org\/es\/sobre-nosotros\/","title":{"rendered":"Sobre nosotros"},"content":{"rendered":"<p>La ACLU de Colorado es la mayor y m\u00e1s antigua organizaci\u00f3n de derechos civiles del estado. Somos una instituci\u00f3n privada financiada exclusivamente por las generosas donaciones de nuestros partidarios. Nuestra misi\u00f3n es proteger, defender y ampliar los derechos civiles y las libertades civiles de todas las personas en Colorado a trav\u00e9s del litigio, la educaci\u00f3n y la promoci\u00f3n. A continuaci\u00f3n se explica c\u00f3mo nuestro personal lucha por sus derechos, y los derechos de todos los habitantes de Colorado, en cada una de estas tres \u00e1reas:<\/p>\n<h3 class=\"red\">Litigios y defensa legal<\/h3>\n<p>Nuestro departamento jur\u00eddico escribe cartas, habla con los organismos gubernamentales y, si es necesario, presenta demandas en nombre de clientes cuyos derechos han sido violados. Con s\u00f3lo tres abogados a tiempo completo en plantilla, debemos ser muy selectivos en los casos que elegimos. Recibimos aproximadamente 10,000 solicitudes de asistencia cada a\u00f1o, y litigamos entre 50 y 70 casos con la ayuda de aproximadamente 100 abogados cooperantes voluntarios.&nbsp;<a href=\"https:\/\/www.aclu-co.org\/our-work\/cases\/\">Conozca m\u00e1s sobre nuestro trabajo legal, incluyendo nuestra lista de casos recientes.<\/a><\/p>\n<hr>\n<h3>Pol\u00edticas p\u00fablicas y legislaci\u00f3n<\/h3>\n<p>En el capitolio del estado y en las reuniones del consejo municipal en todo Colorado, la ACLU aboga por leyes racionales que protejan los derechos y las libertades de las personas. Y despu\u00e9s de cada sesi\u00f3n, desarrollamos tarjetas de puntuaci\u00f3n legislativa para que usted pueda ver c\u00f3mo votaron sus funcionarios electos sobre las libertades civiles.&nbsp;<a href=\"https:\/\/www.aclu-co.org\/our-work\/legislation\/\">Mant\u00e9ngase al d\u00eda con todo nuestro trabajo de pol\u00edtica p\u00fablica.<\/a><\/p>\n<hr>\n<h3>Educaci\u00f3n p\u00fablica<\/h3>\n<p>La ACLU involucra e informa a los habitantes de Colorado a trav\u00e9s de foros p\u00fablicos sobre temas de actualidad relacionados con las libertades civiles, cursos de formaci\u00f3n \"Conoce tus derechos\", concentraciones y eventos medi\u00e1ticos. Tambi\u00e9n trabajamos con estudiantes y j\u00f3venes profesionales interesados en las libertades civiles.&nbsp;<a href=\"https:\/\/www.aclu-co.org\/es\/en-la-comunidad\/\">Conozca sus derechos a trav\u00e9s de nuestras ofertas de educaci\u00f3n p\u00fablica.<\/a><\/p>\n<p>&nbsp;<\/p>\n","protected":false},"excerpt":{"rendered":"<p>La ACLU de Colorado es la mayor y m\u00e1s antigua organizaci\u00f3n de derechos civiles del estado. Somos una instituci\u00f3n privada financiada exclusivamente por las generosas donaciones de nuestros partidarios. Nuestra misi\u00f3n es proteger, defender y ampliar los derechos civiles y las libertades civiles de todas las personas en Colorado a trav\u00e9s del litigio, la educaci\u00f3n [&hellip;]<\/p>\n","protected":false},"author":0,"featured_media":0,"parent":0,"menu_order":0,"comment_status":"closed","ping_status":"closed","template":"","meta":{"_acf_changed":false,"_relevanssi_hide_post":"","_relevanssi_hide_content":"","_relevanssi_pin_for_all":"","_relevanssi_pin_keywords":"","_relevanssi_unpin_keywords":"","_relevanssi_related_keywords":"","_relevanssi_related_include_ids":"","_relevanssi_related_exclude_ids":"","_relevanssi_related_no_append":"","_relevanssi_related_not_related":"","_relevanssi_related_posts":"","_relevanssi_noindex_reason":"","footnotes":""},"class_list":["post-1937","page","type-page","status-publish","hentry"],"acf":{"layout":"default","header-group":{"header-description":"","show-subnav":false,"hide-from-subnav":false},"components":[{"acf_fc_layout":"text","text":{"text":"La ACLU de Colorado es la mayor y m\u00e1s antigua organizaci\u00f3n de derechos civiles del estado. Somos una instituci\u00f3n privada financiada exclusivamente por las generosas donaciones de nuestros partidarios. Nuestra misi\u00f3n es proteger, defender y ampliar los derechos civiles y las libertades civiles de todas las personas en Colorado a trav\u00e9s del litigio, la educaci\u00f3n y la promoci\u00f3n. A continuaci\u00f3n se explica c\u00f3mo nuestro personal lucha por sus derechos, y los derechos de todos los habitantes de Colorado, en cada una de estas tres \u00e1reas:"}},{"acf_fc_layout":"heading","heading":{"":null,"text":"Litigios y defensa legal","anchor":"","sub-heading":"","type":"h3","heading-style":"standard"}},{"acf_fc_layout":"text","text":{"text":"Nuestro departamento jur\u00eddico escribe cartas, habla con los organismos gubernamentales y, si es necesario, presenta demandas en nombre de clientes cuyos derechos han sido violados. Con s\u00f3lo tres abogados a tiempo completo en plantilla, debemos ser muy selectivos en los casos que elegimos. Recibimos aproximadamente 10,000 solicitudes de asistencia cada a\u00f1o, y litigamos entre 50 y 70 casos con la ayuda de aproximadamente 100 abogados cooperantes voluntarios. <a href=\"https:\/\/www.aclu-co.org\/our-work\/cases\/\">Conozca m\u00e1s sobre nuestro trabajo legal, incluyendo nuestra lista de casos recientes.<\/a>"}},{"acf_fc_layout":"divider","divider":{"divider_type":"hr"}},{"acf_fc_layout":"heading","heading":{"":null,"text":"Pol\u00edticas p\u00fablicas y legislaci\u00f3n","anchor":"","sub-heading":"","type":"h3","heading-style":"standard"}},{"acf_fc_layout":"text","text":{"text":"En el capitolio del estado y en las reuniones del consejo municipal en todo Colorado, la ACLU aboga por leyes racionales que protejan los derechos y las libertades de las personas. Y despu\u00e9s de cada sesi\u00f3n, desarrollamos tarjetas de puntuaci\u00f3n legislativa para que usted pueda ver c\u00f3mo votaron sus funcionarios electos sobre las libertades civiles. <a href=\"https:\/\/www.aclu-co.org\/our-work\/legislation\/\">Mant\u00e9ngase al d\u00eda con todo nuestro trabajo de pol\u00edtica p\u00fablica.<\/a>"}},{"acf_fc_layout":"divider","divider":{"divider_type":"hr"}},{"acf_fc_layout":"heading","heading":{"":null,"text":"Educaci\u00f3n p\u00fablica","anchor":"","sub-heading":"","type":"h3","heading-style":"standard"}},{"acf_fc_layout":"text","text":{"text":"La ACLU involucra e informa a los habitantes de Colorado a trav\u00e9s de foros p\u00fablicos sobre temas de actualidad relacionados con las libertades civiles, cursos de formaci\u00f3n \"Conoce tus derechos\", concentraciones y eventos medi\u00e1ticos. Tambi\u00e9n trabajamos con estudiantes y j\u00f3venes profesionales interesados en las libertades civiles. <a href=\"https:\/\/www.aclu-co.org\/es\/en-la-comunidad\/\">Conozca sus derechos a trav\u00e9s de nuestras ofertas de educaci\u00f3n p\u00fablica.<\/a>\n\n "}}],"section":null,"issues":null,"related_content":[],"documents":null},"yoast_head":"<!-- This site is optimized with the Yoast SEO plugin v24.9 - https:\/\/yoast.com\/wordpress\/plugins\/seo\/ -->\n<title>Sobre nosotros - ACLU of Colorado<\/title>\n<meta name=\"robots\" content=\"index, follow, max-snippet:-1, max-image-preview:large, max-video-preview:-1\" \/>\n<link rel=\"canonical\" href=\"https:\/\/www.aclu-co.org\/es\/sobre-nosotros\/\" \/>\n<meta property=\"og:locale\" content=\"es_ES\" \/>\n<meta property=\"og:type\" content=\"article\" \/>\n<meta property=\"og:title\" content=\"Sobre nosotros - ACLU of Colorado\" \/>\n<meta property=\"og:description\" content=\"La ACLU de Colorado es la mayor y m\u00e1s antigua organizaci\u00f3n de derechos civiles del estado. Somos una instituci\u00f3n privada financiada exclusivamente por las generosas donaciones de nuestros partidarios. Nuestra misi\u00f3n es proteger, defender y ampliar los derechos civiles y las libertades civiles de todas las personas en Colorado a trav\u00e9s del litigio, la educaci\u00f3n [&hellip;]\" \/>\n<meta property=\"og:url\" content=\"https:\/\/www.aclu-co.org\/es\/sobre-nosotros\/\" \/>\n<meta property=\"og:site_name\" content=\"ACLU of Colorado\" \/>\n<meta property=\"og:image\" content=\"https:\/\/www.aclu-co.org\/app\/themes\/aclu-parent\/img\/default_fb_share.jpg\" \/>\n<meta name=\"twitter:card\" content=\"summary_large_image\" \/>\n<script type=\"application\/ld+json\" class=\"yoast-schema-graph\">{\"@context\":\"https:\/\/schema.org\",\"@graph\":[{\"@type\":\"WebPage\",\"@id\":\"https:\/\/www.aclu-co.org\/es\/sobre-nosotros\/\",\"url\":\"https:\/\/www.aclu-co.org\/es\/sobre-nosotros\/\",\"name\":\"Sobre nosotros - ACLU of Colorado\",\"isPartOf\":{\"@id\":\"https:\/\/www.aclu-co.org\/#website\"},\"datePublished\":\"2013-10-16T06:00:00+00:00\",\"inLanguage\":\"es-ES\",\"potentialAction\":[{\"@type\":\"ReadAction\",\"target\":[\"https:\/\/www.aclu-co.org\/es\/sobre-nosotros\/\"]}]},{\"@type\":\"WebSite\",\"@id\":\"https:\/\/www.aclu-co.org\/#website\",\"url\":\"https:\/\/www.aclu-co.org\/\",\"name\":\"ACLU of Colorado\",\"description\":\"\",\"publisher\":{\"@id\":\"https:\/\/www.aclu-co.org\/#organization\"},\"potentialAction\":[{\"@type\":\"SearchAction\",\"target\":{\"@type\":\"EntryPoint\",\"urlTemplate\":\"https:\/\/www.aclu-co.org\/?s={search_term_string}\"},\"query-input\":{\"@type\":\"PropertyValueSpecification\",\"valueRequired\":true,\"valueName\":\"search_term_string\"}}],\"inLanguage\":\"es-ES\"},{\"@type\":\"Organization\",\"@id\":\"https:\/\/www.aclu-co.org\/#organization\",\"name\":\"ACLU of Colorado\",\"url\":\"https:\/\/www.aclu-co.org\/\",\"logo\":{\"@type\":\"ImageObject\",\"inLanguage\":\"es-ES\",\"@id\":\"https:\/\/www.aclu-co.org\/#\/schema\/logo\/image\/\",\"url\":\"https:\/\/www.aclu-co.org\/app\/uploads\/2025\/08\/ACLU_Colorado_Moblie-Web_Color_RGB.png\",\"contentUrl\":\"https:\/\/www.aclu-co.org\/app\/uploads\/2025\/08\/ACLU_Colorado_Moblie-Web_Color_RGB.png\",\"width\":2084,\"height\":2084,\"caption\":\"ACLU of Colorado\"},\"image\":{\"@id\":\"https:\/\/www.aclu-co.org\/#\/schema\/logo\/image\/\"}}]}<\/script>\n<!-- \/ Yoast SEO plugin. -->","yoast_head_json":{"title":"Sobre nosotros - ACLU of Colorado","robots":{"index":"index","follow":"follow","max-snippet":"max-snippet:-1","max-image-preview":"max-image-preview:large","max-video-preview":"max-video-preview:-1"},"canonical":"https:\/\/www.aclu-co.org\/es\/sobre-nosotros\/","og_locale":"es_ES","og_type":"article","og_title":"Sobre nosotros - ACLU of Colorado","og_description":"La ACLU de Colorado es la mayor y m\u00e1s antigua organizaci\u00f3n de derechos civiles del estado. Somos una instituci\u00f3n privada financiada exclusivamente por las generosas donaciones de nuestros partidarios. Nuestra misi\u00f3n es proteger, defender y ampliar los derechos civiles y las libertades civiles de todas las personas en Colorado a trav\u00e9s del litigio, la educaci\u00f3n [&hellip;]","og_url":"https:\/\/www.aclu-co.org\/es\/sobre-nosotros\/","og_site_name":"ACLU of Colorado","og_image":[{"url":"https:\/\/www.aclu-co.org\/app\/themes\/aclu-parent\/img\/default_fb_share.jpg","type":"","width":"","height":""}],"twitter_card":"summary_large_image","schema":{"@context":"https:\/\/schema.org","@graph":[{"@type":"WebPage","@id":"https:\/\/www.aclu-co.org\/es\/sobre-nosotros\/","url":"https:\/\/www.aclu-co.org\/es\/sobre-nosotros\/","name":"Sobre nosotros - ACLU of Colorado","isPartOf":{"@id":"https:\/\/www.aclu-co.org\/#website"},"datePublished":"2013-10-16T06:00:00+00:00","inLanguage":"es-ES","potentialAction":[{"@type":"ReadAction","target":["https:\/\/www.aclu-co.org\/es\/sobre-nosotros\/"]}]},{"@type":"WebSite","@id":"https:\/\/www.aclu-co.org\/#website","url":"https:\/\/www.aclu-co.org\/","name":"ACLU of Colorado","description":"","publisher":{"@id":"https:\/\/www.aclu-co.org\/#organization"},"potentialAction":[{"@type":"SearchAction","target":{"@type":"EntryPoint","urlTemplate":"https:\/\/www.aclu-co.org\/?s={search_term_string}"},"query-input":{"@type":"PropertyValueSpecification","valueRequired":true,"valueName":"search_term_string"}}],"inLanguage":"es-ES"},{"@type":"Organization","@id":"https:\/\/www.aclu-co.org\/#organization","name":"ACLU of Colorado","url":"https:\/\/www.aclu-co.org\/","logo":{"@type":"ImageObject","inLanguage":"es-ES","@id":"https:\/\/www.aclu-co.org\/#\/schema\/logo\/image\/","url":"https:\/\/www.aclu-co.org\/app\/uploads\/2025\/08\/ACLU_Colorado_Moblie-Web_Color_RGB.png","contentUrl":"https:\/\/www.aclu-co.org\/app\/uploads\/2025\/08\/ACLU_Colorado_Moblie-Web_Color_RGB.png","width":2084,"height":2084,"caption":"ACLU of Colorado"},"image":{"@id":"https:\/\/www.aclu-co.org\/#\/schema\/logo\/image\/"}}]}},"distributor_meta":false,"distributor_terms":false,"distributor_media":false,"distributor_original_site_name":"ACLU of Colorado","distributor_original_site_url":"https:\/\/www.aclu-co.org\/es\/","push-errors":false,"_links":{"self":[{"href":"https:\/\/www.aclu-co.org\/es\/wp-json\/wp\/v2\/pages\/1937","targetHints":{"allow":["GET"]}}],"collection":[{"href":"https:\/\/www.aclu-co.org\/es\/wp-json\/wp\/v2\/pages"}],"about":[{"href":"https:\/\/www.aclu-co.org\/es\/wp-json\/wp\/v2\/types\/page"}],"replies":[{"embeddable":true,"href":"https:\/\/www.aclu-co.org\/es\/wp-json\/wp\/v2\/comments?post=1937"}],"version-history":[{"count":0,"href":"https:\/\/www.aclu-co.org\/es\/wp-json\/wp\/v2\/pages\/1937\/revisions"}],"wp:attachment":[{"href":"https:\/\/www.aclu-co.org\/es\/wp-json\/wp\/v2\/media?parent=1937"}],"curies":[{"name":"wp","href":"https:\/\/api.w.org\/{rel}","templated":true}]}}