{"id":1940,"date":"2013-10-16T06:00:00","date_gmt":"2013-10-16T12:00:00","guid":{"rendered":"https:\/\/www.aclu-co.org\/en-la-comunidad\/"},"modified":"2013-10-16T06:00:00","modified_gmt":"2013-10-16T06:00:00","slug":"en-la-comunidad","status":"publish","type":"page","link":"https:\/\/www.aclu-co.org\/es\/en-la-comunidad\/","title":{"rendered":"EN LA COMUNIDAD"},"content":{"rendered":"<h3><span><span><span><b><span lang=\"ES-TRAD\">PEAK: Educaci\u00f3n P\u00fablica, Activismo y Conozca sus Derechos<\/span><\/b><\/span><\/span><\/span><\/h3>\n<p><span><span><span><span lang=\"ES-TRAD\">Uno de los principales objetivos de la Fundaci\u00f3n ACLU de Colorado es educar a los miembros del p\u00fablico sobre sus derechos y libertades, as\u00ed como promover y mejorar los programas educativos en todo el estado. Ofrecemos, entre otras cosas: eventos, manuales, formaci\u00f3n, programas de premios y desarrollo juvenil.<\/span><\/span><\/span><\/span><\/p>\n<p><span><span><span><span lang=\"ES-TRAD\">PEAK re-imagina la educaci\u00f3n p\u00fablica de la ACLU de Colorado, Conozca sus Derechos y Bur\u00f3 de Oradores <\/span><\/span><\/span><\/span><span><span><span><span lang=\"ES-TRAD\">los esfuerzos para garantizar la educaci\u00f3n estrat\u00e9gica y la participaci\u00f3n de la pr\u00f3xima generaci\u00f3n de defensores de los derechos y las libertades civiles.<\/span><\/span><\/span><\/span><\/p>\n","protected":false},"excerpt":{"rendered":"<p>PEAK: Educaci\u00f3n P\u00fablica, Activismo y Conozca sus Derechos Uno de los principales objetivos de la Fundaci\u00f3n ACLU de Colorado es educar a los miembros del p\u00fablico sobre sus derechos y libertades, as\u00ed como promover y mejorar los programas educativos en todo el estado. Ofrecemos, entre otras cosas: eventos, manuales, formaci\u00f3n, programas de premios y desarrollo [&hellip;]<\/p>\n","protected":false},"author":0,"featured_media":0,"parent":0,"menu_order":0,"comment_status":"closed","ping_status":"closed","template":"","meta":{"_acf_changed":false,"_relevanssi_hide_post":"","_relevanssi_hide_content":"","_relevanssi_pin_for_all":"","_relevanssi_pin_keywords":"","_relevanssi_unpin_keywords":"","_relevanssi_related_keywords":"","_relevanssi_related_include_ids":"","_relevanssi_related_exclude_ids":"","_relevanssi_related_no_append":"","_relevanssi_related_not_related":"","_relevanssi_related_posts":"","_relevanssi_noindex_reason":"","footnotes":""},"class_list":["post-1940","page","type-page","status-publish","hentry"],"acf":{"layout":"default","header-group":{"header-description":"","show-subnav":false,"hide-from-subnav":false},"components":[{"acf_fc_layout":"heading","heading":{"":null,"text":"PEAK: Educaci\u00f3n P\u00fablica, Activismo y Conozca sus Derechos","anchor":"","sub-heading":"","type":"h3","heading-style":"standard"}},{"acf_fc_layout":"text","text":{"text":"Uno de los principales objetivos de la Fundaci\u00f3n ACLU de Colorado es educar a los miembros del p\u00fablico sobre sus derechos y libertades, as\u00ed como promover y mejorar los programas educativos en todo el estado. Ofrecemos, entre otras cosas: eventos, manuales, formaci\u00f3n, programas de premios y desarrollo juvenil.\n\nPEAK re-imagina la educaci\u00f3n p\u00fablica de la ACLU de Colorado, Conozca sus Derechos y Bur\u00f3 de Oradores los esfuerzos para garantizar la educaci\u00f3n estrat\u00e9gica y la participaci\u00f3n de la pr\u00f3xima generaci\u00f3n de defensores de los derechos y las libertades civiles."}}],"section":null,"issues":null,"related_content":[],"documents":null},"yoast_head":"<!-- This site is optimized with the Yoast SEO plugin v24.9 - https:\/\/yoast.com\/wordpress\/plugins\/seo\/ -->\n<title>EN LA COMUNIDAD - ACLU of Colorado<\/title>\n<meta name=\"robots\" content=\"index, follow, max-snippet:-1, max-image-preview:large, max-video-preview:-1\" \/>\n<link rel=\"canonical\" href=\"https:\/\/www.aclu-co.org\/es\/en-la-comunidad\/\" \/>\n<meta property=\"og:locale\" content=\"es_ES\" \/>\n<meta property=\"og:type\" content=\"article\" \/>\n<meta property=\"og:title\" content=\"EN LA COMUNIDAD - ACLU of Colorado\" \/>\n<meta property=\"og:description\" content=\"PEAK: Educaci\u00f3n P\u00fablica, Activismo y Conozca sus Derechos Uno de los principales objetivos de la Fundaci\u00f3n ACLU de Colorado es educar a los miembros del p\u00fablico sobre sus derechos y libertades, as\u00ed como promover y mejorar los programas educativos en todo el estado. Ofrecemos, entre otras cosas: eventos, manuales, formaci\u00f3n, programas de premios y desarrollo [&hellip;]\" \/>\n<meta property=\"og:url\" content=\"https:\/\/www.aclu-co.org\/es\/en-la-comunidad\/\" \/>\n<meta property=\"og:site_name\" content=\"ACLU of Colorado\" \/>\n<meta property=\"og:image\" content=\"https:\/\/www.aclu-co.org\/app\/themes\/aclu-parent\/img\/default_fb_share.jpg\" \/>\n<meta name=\"twitter:card\" content=\"summary_large_image\" \/>\n<script type=\"application\/ld+json\" class=\"yoast-schema-graph\">{\"@context\":\"https:\/\/schema.org\",\"@graph\":[{\"@type\":\"WebPage\",\"@id\":\"https:\/\/www.aclu-co.org\/es\/en-la-comunidad\/\",\"url\":\"https:\/\/www.aclu-co.org\/es\/en-la-comunidad\/\",\"name\":\"EN LA COMUNIDAD - ACLU of Colorado\",\"isPartOf\":{\"@id\":\"https:\/\/www.aclu-co.org\/#website\"},\"datePublished\":\"2013-10-16T12:00:00+00:00\",\"inLanguage\":\"es-ES\",\"potentialAction\":[{\"@type\":\"ReadAction\",\"target\":[\"https:\/\/www.aclu-co.org\/es\/en-la-comunidad\/\"]}]},{\"@type\":\"WebSite\",\"@id\":\"https:\/\/www.aclu-co.org\/#website\",\"url\":\"https:\/\/www.aclu-co.org\/\",\"name\":\"ACLU of Colorado\",\"description\":\"\",\"publisher\":{\"@id\":\"https:\/\/www.aclu-co.org\/#organization\"},\"potentialAction\":[{\"@type\":\"SearchAction\",\"target\":{\"@type\":\"EntryPoint\",\"urlTemplate\":\"https:\/\/www.aclu-co.org\/?s={search_term_string}\"},\"query-input\":{\"@type\":\"PropertyValueSpecification\",\"valueRequired\":true,\"valueName\":\"search_term_string\"}}],\"inLanguage\":\"es-ES\"},{\"@type\":\"Organization\",\"@id\":\"https:\/\/www.aclu-co.org\/#organization\",\"name\":\"ACLU of Colorado\",\"url\":\"https:\/\/www.aclu-co.org\/\",\"logo\":{\"@type\":\"ImageObject\",\"inLanguage\":\"es-ES\",\"@id\":\"https:\/\/www.aclu-co.org\/#\/schema\/logo\/image\/\",\"url\":\"https:\/\/www.aclu-co.org\/app\/uploads\/2025\/08\/ACLU_Colorado_Moblie-Web_Color_RGB.png\",\"contentUrl\":\"https:\/\/www.aclu-co.org\/app\/uploads\/2025\/08\/ACLU_Colorado_Moblie-Web_Color_RGB.png\",\"width\":2084,\"height\":2084,\"caption\":\"ACLU of Colorado\"},\"image\":{\"@id\":\"https:\/\/www.aclu-co.org\/#\/schema\/logo\/image\/\"}}]}<\/script>\n<!-- \/ Yoast SEO plugin. -->","yoast_head_json":{"title":"EN LA COMUNIDAD - ACLU of Colorado","robots":{"index":"index","follow":"follow","max-snippet":"max-snippet:-1","max-image-preview":"max-image-preview:large","max-video-preview":"max-video-preview:-1"},"canonical":"https:\/\/www.aclu-co.org\/es\/en-la-comunidad\/","og_locale":"es_ES","og_type":"article","og_title":"EN LA COMUNIDAD - ACLU of Colorado","og_description":"PEAK: Educaci\u00f3n P\u00fablica, Activismo y Conozca sus Derechos Uno de los principales objetivos de la Fundaci\u00f3n ACLU de Colorado es educar a los miembros del p\u00fablico sobre sus derechos y libertades, as\u00ed como promover y mejorar los programas educativos en todo el estado. Ofrecemos, entre otras cosas: eventos, manuales, formaci\u00f3n, programas de premios y desarrollo [&hellip;]","og_url":"https:\/\/www.aclu-co.org\/es\/en-la-comunidad\/","og_site_name":"ACLU of Colorado","og_image":[{"url":"https:\/\/www.aclu-co.org\/app\/themes\/aclu-parent\/img\/default_fb_share.jpg","type":"","width":"","height":""}],"twitter_card":"summary_large_image","schema":{"@context":"https:\/\/schema.org","@graph":[{"@type":"WebPage","@id":"https:\/\/www.aclu-co.org\/es\/en-la-comunidad\/","url":"https:\/\/www.aclu-co.org\/es\/en-la-comunidad\/","name":"EN LA COMUNIDAD - ACLU of Colorado","isPartOf":{"@id":"https:\/\/www.aclu-co.org\/#website"},"datePublished":"2013-10-16T12:00:00+00:00","inLanguage":"es-ES","potentialAction":[{"@type":"ReadAction","target":["https:\/\/www.aclu-co.org\/es\/en-la-comunidad\/"]}]},{"@type":"WebSite","@id":"https:\/\/www.aclu-co.org\/#website","url":"https:\/\/www.aclu-co.org\/","name":"ACLU of Colorado","description":"","publisher":{"@id":"https:\/\/www.aclu-co.org\/#organization"},"potentialAction":[{"@type":"SearchAction","target":{"@type":"EntryPoint","urlTemplate":"https:\/\/www.aclu-co.org\/?s={search_term_string}"},"query-input":{"@type":"PropertyValueSpecification","valueRequired":true,"valueName":"search_term_string"}}],"inLanguage":"es-ES"},{"@type":"Organization","@id":"https:\/\/www.aclu-co.org\/#organization","name":"ACLU of Colorado","url":"https:\/\/www.aclu-co.org\/","logo":{"@type":"ImageObject","inLanguage":"es-ES","@id":"https:\/\/www.aclu-co.org\/#\/schema\/logo\/image\/","url":"https:\/\/www.aclu-co.org\/app\/uploads\/2025\/08\/ACLU_Colorado_Moblie-Web_Color_RGB.png","contentUrl":"https:\/\/www.aclu-co.org\/app\/uploads\/2025\/08\/ACLU_Colorado_Moblie-Web_Color_RGB.png","width":2084,"height":2084,"caption":"ACLU of Colorado"},"image":{"@id":"https:\/\/www.aclu-co.org\/#\/schema\/logo\/image\/"}}]}},"distributor_meta":false,"distributor_terms":false,"distributor_media":false,"distributor_original_site_name":"ACLU of Colorado","distributor_original_site_url":"https:\/\/www.aclu-co.org\/es\/","push-errors":false,"_links":{"self":[{"href":"https:\/\/www.aclu-co.org\/es\/wp-json\/wp\/v2\/pages\/1940","targetHints":{"allow":["GET"]}}],"collection":[{"href":"https:\/\/www.aclu-co.org\/es\/wp-json\/wp\/v2\/pages"}],"about":[{"href":"https:\/\/www.aclu-co.org\/es\/wp-json\/wp\/v2\/types\/page"}],"replies":[{"embeddable":true,"href":"https:\/\/www.aclu-co.org\/es\/wp-json\/wp\/v2\/comments?post=1940"}],"version-history":[{"count":0,"href":"https:\/\/www.aclu-co.org\/es\/wp-json\/wp\/v2\/pages\/1940\/revisions"}],"wp:attachment":[{"href":"https:\/\/www.aclu-co.org\/es\/wp-json\/wp\/v2\/media?parent=1940"}],"curies":[{"name":"wp","href":"https:\/\/api.w.org\/{rel}","templated":true}]}}