{"id":1943,"date":"2013-10-16T06:00:00","date_gmt":"2013-10-16T06:00:00","guid":{"rendered":"https:\/\/www.aclu-co.org\/contact-us\/"},"modified":"2013-10-16T06:00:00","modified_gmt":"2013-10-16T06:00:00","slug":"contact-us","status":"publish","type":"page","link":"https:\/\/www.aclu-co.org\/es\/sobre-nosotros\/contact-us\/","title":{"rendered":"Contact Us"},"content":{"rendered":"<h5><strong>Para contactar con la ACLU de Colorado:<\/strong><\/h5>\n<p><strong>Ll\u00e1menos: L\u00ednea principal:<\/strong> (303) 777-5482<br \/><strong>Env\u00edenos un fax:<\/strong> (303) 777-1773<br \/><strong>Env\u00edenos un correo electr\u00f3nico:<\/strong><a href=\"mailto: info@aclu-co.org\"> <strong>info@aclu-co.org<\/strong><\/a><br \/><strong>Media requests:&nbsp;<a href=\"mailto:media@aclu-co.org\">media@aclu-co.org<\/a><\/strong><\/p>\n<p><strong>Si busca asistencia jur\u00eddica:&nbsp;<\/strong><a href=\"https:\/\/www.aclu-co.org\/es\/resources\/necesita-ayuda-legal\">Por favor, haga clic aqu\u00ed y aprenda c\u00f3mo pedir ayuda legal.<\/a><\/p>\n<p><a href=\"https:\/\/www.aclu-co.org\/es\/solicite-un-orador\/\">\u00bfDesea solicitar un orador de la ACLU para su aula, iglesia o grupo comunitario?<\/a><\/p>\n<p><em>Tenga en cuenta que llamar o visitar la oficina en persona no ayudar\u00e1 a que su solicitud sea procesada m\u00e1s r\u00e1pidamente. La ACLU de Colorado recibe docenas de solicitudes cada d\u00eda. Para mantener un sistema justo, no podemos dar ninguna preferencia a aquellos que casualmente viven cerca de nuestra oficina o pueden llamar durante el horario de oficina.<\/em><\/p>\n","protected":false},"excerpt":{"rendered":"<p>Para contactar con la ACLU de Colorado: Ll\u00e1menos: L\u00ednea principal: (303) 777-5482Env\u00edenos un fax: (303) 777-1773Env\u00edenos un correo electr\u00f3nico: info@aclu-co.orgMedia requests:&nbsp;media@aclu-co.org Si busca asistencia jur\u00eddica:&nbsp;Por favor, haga clic aqu\u00ed y aprenda c\u00f3mo pedir ayuda legal. \u00bfDesea solicitar un orador de la ACLU para su aula, iglesia o grupo comunitario? Tenga en cuenta que llamar o [&hellip;]<\/p>\n","protected":false},"author":0,"featured_media":0,"parent":1937,"menu_order":0,"comment_status":"closed","ping_status":"closed","template":"","meta":{"_acf_changed":false,"_relevanssi_hide_post":"","_relevanssi_hide_content":"","_relevanssi_pin_for_all":"","_relevanssi_pin_keywords":"","_relevanssi_unpin_keywords":"","_relevanssi_related_keywords":"","_relevanssi_related_include_ids":"","_relevanssi_related_exclude_ids":"","_relevanssi_related_no_append":"","_relevanssi_related_not_related":"","_relevanssi_related_posts":"","_relevanssi_noindex_reason":"","footnotes":""},"class_list":["post-1943","page","type-page","status-publish","hentry"],"acf":{"layout":"default","header-group":{"header-description":"","show-subnav":false,"hide-from-subnav":false},"components":[{"acf_fc_layout":"text","text":{"text":"<strong><strong>Para contactar con la ACLU de Colorado:<\/strong><\/strong>\n\n<strong>Ll\u00e1menos: L\u00ednea principal:<\/strong> (303) 777-5482<br><strong>Env\u00edenos un fax:<\/strong> (303) 777-1773<br><strong>Env\u00edenos un correo electr\u00f3nico:<\/strong><a href=\"mailto:%20info@aclu-co.org\"> <strong>info@aclu-co.org<\/strong><\/a><br><strong>Media requests: <a href=\"mailto:media@aclu-co.org\">media@aclu-co.org<\/a><\/strong><br><br><strong>Si busca asistencia jur\u00eddica: <\/strong><a href=\"https:\/\/www.aclu-co.org\/es\/resources\/necesita-ayuda-legal\">Por favor, haga clic aqu\u00ed y aprenda c\u00f3mo pedir ayuda legal.<\/a>\n\n<a href=\"https:\/\/www.aclu-co.org\/es\/solicite-un-orador\/\">\u00bfDesea solicitar un orador de la ACLU para su aula, iglesia o grupo comunitario?<\/a>\n\n<em>Tenga en cuenta que llamar o visitar la oficina en persona no ayudar\u00e1 a que su solicitud sea procesada m\u00e1s r\u00e1pidamente. La ACLU de Colorado recibe docenas de solicitudes cada d\u00eda. Para mantener un sistema justo, no podemos dar ninguna preferencia a aquellos que casualmente viven cerca de nuestra oficina o pueden llamar durante el horario de oficina.<\/em>"}}],"section":null,"issues":null,"related_content":[],"documents":null},"yoast_head":"<!-- This site is optimized with the Yoast SEO plugin v24.9 - https:\/\/yoast.com\/wordpress\/plugins\/seo\/ -->\n<title>Contact Us - ACLU of Colorado<\/title>\n<meta name=\"robots\" content=\"index, follow, max-snippet:-1, max-image-preview:large, max-video-preview:-1\" \/>\n<link rel=\"canonical\" href=\"https:\/\/www.aclu-co.org\/es\/sobre-nosotros\/contact-us\/\" \/>\n<meta property=\"og:locale\" content=\"es_ES\" \/>\n<meta property=\"og:type\" content=\"article\" \/>\n<meta property=\"og:title\" content=\"Contact Us - ACLU of Colorado\" \/>\n<meta property=\"og:description\" content=\"Para contactar con la ACLU de Colorado: Ll\u00e1menos: L\u00ednea principal: (303) 777-5482Env\u00edenos un fax: (303) 777-1773Env\u00edenos un correo electr\u00f3nico: info@aclu-co.orgMedia requests:&nbsp;media@aclu-co.org Si busca asistencia jur\u00eddica:&nbsp;Por favor, haga clic aqu\u00ed y aprenda c\u00f3mo pedir ayuda legal. \u00bfDesea solicitar un orador de la ACLU para su aula, iglesia o grupo comunitario? Tenga en cuenta que llamar o [&hellip;]\" \/>\n<meta property=\"og:url\" content=\"https:\/\/www.aclu-co.org\/es\/sobre-nosotros\/contact-us\/\" \/>\n<meta property=\"og:site_name\" content=\"ACLU of Colorado\" \/>\n<meta property=\"og:image\" content=\"https:\/\/www.aclu-co.org\/app\/themes\/aclu-parent\/img\/default_fb_share.jpg\" \/>\n<meta name=\"twitter:card\" content=\"summary_large_image\" \/>\n<script type=\"application\/ld+json\" class=\"yoast-schema-graph\">{\"@context\":\"https:\/\/schema.org\",\"@graph\":[{\"@type\":\"WebPage\",\"@id\":\"https:\/\/www.aclu-co.org\/es\/sobre-nosotros\/contact-us\/\",\"url\":\"https:\/\/www.aclu-co.org\/es\/sobre-nosotros\/contact-us\/\",\"name\":\"Contact Us - ACLU of Colorado\",\"isPartOf\":{\"@id\":\"https:\/\/www.aclu-co.org\/#website\"},\"datePublished\":\"2013-10-16T06:00:00+00:00\",\"breadcrumb\":{\"@id\":\"https:\/\/www.aclu-co.org\/es\/sobre-nosotros\/contact-us\/#breadcrumb\"},\"inLanguage\":\"es-ES\",\"potentialAction\":[{\"@type\":\"ReadAction\",\"target\":[\"https:\/\/www.aclu-co.org\/es\/sobre-nosotros\/contact-us\/\"]}]},{\"@type\":\"BreadcrumbList\",\"@id\":\"https:\/\/www.aclu-co.org\/es\/sobre-nosotros\/contact-us\/#breadcrumb\",\"itemListElement\":[{\"@type\":\"ListItem\",\"position\":1,\"name\":\"Sobre nosotros\",\"item\":\"https:\/\/www.aclu-co.org\/es\/sobre-nosotros\/\"},{\"@type\":\"ListItem\",\"position\":2,\"name\":\"Contact Us\"}]},{\"@type\":\"WebSite\",\"@id\":\"https:\/\/www.aclu-co.org\/#website\",\"url\":\"https:\/\/www.aclu-co.org\/\",\"name\":\"ACLU of Colorado\",\"description\":\"\",\"publisher\":{\"@id\":\"https:\/\/www.aclu-co.org\/#organization\"},\"potentialAction\":[{\"@type\":\"SearchAction\",\"target\":{\"@type\":\"EntryPoint\",\"urlTemplate\":\"https:\/\/www.aclu-co.org\/?s={search_term_string}\"},\"query-input\":{\"@type\":\"PropertyValueSpecification\",\"valueRequired\":true,\"valueName\":\"search_term_string\"}}],\"inLanguage\":\"es-ES\"},{\"@type\":\"Organization\",\"@id\":\"https:\/\/www.aclu-co.org\/#organization\",\"name\":\"ACLU of Colorado\",\"url\":\"https:\/\/www.aclu-co.org\/\",\"logo\":{\"@type\":\"ImageObject\",\"inLanguage\":\"es-ES\",\"@id\":\"https:\/\/www.aclu-co.org\/#\/schema\/logo\/image\/\",\"url\":\"https:\/\/www.aclu-co.org\/app\/uploads\/2025\/08\/ACLU_Colorado_Moblie-Web_Color_RGB.png\",\"contentUrl\":\"https:\/\/www.aclu-co.org\/app\/uploads\/2025\/08\/ACLU_Colorado_Moblie-Web_Color_RGB.png\",\"width\":2084,\"height\":2084,\"caption\":\"ACLU of Colorado\"},\"image\":{\"@id\":\"https:\/\/www.aclu-co.org\/#\/schema\/logo\/image\/\"}}]}<\/script>\n<!-- \/ Yoast SEO plugin. -->","yoast_head_json":{"title":"Contact Us - ACLU of Colorado","robots":{"index":"index","follow":"follow","max-snippet":"max-snippet:-1","max-image-preview":"max-image-preview:large","max-video-preview":"max-video-preview:-1"},"canonical":"https:\/\/www.aclu-co.org\/es\/sobre-nosotros\/contact-us\/","og_locale":"es_ES","og_type":"article","og_title":"Contact Us - ACLU of Colorado","og_description":"Para contactar con la ACLU de Colorado: Ll\u00e1menos: L\u00ednea principal: (303) 777-5482Env\u00edenos un fax: (303) 777-1773Env\u00edenos un correo electr\u00f3nico: info@aclu-co.orgMedia requests:&nbsp;media@aclu-co.org Si busca asistencia jur\u00eddica:&nbsp;Por favor, haga clic aqu\u00ed y aprenda c\u00f3mo pedir ayuda legal. \u00bfDesea solicitar un orador de la ACLU para su aula, iglesia o grupo comunitario? Tenga en cuenta que llamar o [&hellip;]","og_url":"https:\/\/www.aclu-co.org\/es\/sobre-nosotros\/contact-us\/","og_site_name":"ACLU of Colorado","og_image":[{"url":"https:\/\/www.aclu-co.org\/app\/themes\/aclu-parent\/img\/default_fb_share.jpg","type":"","width":"","height":""}],"twitter_card":"summary_large_image","schema":{"@context":"https:\/\/schema.org","@graph":[{"@type":"WebPage","@id":"https:\/\/www.aclu-co.org\/es\/sobre-nosotros\/contact-us\/","url":"https:\/\/www.aclu-co.org\/es\/sobre-nosotros\/contact-us\/","name":"Contact Us - ACLU of Colorado","isPartOf":{"@id":"https:\/\/www.aclu-co.org\/#website"},"datePublished":"2013-10-16T06:00:00+00:00","breadcrumb":{"@id":"https:\/\/www.aclu-co.org\/es\/sobre-nosotros\/contact-us\/#breadcrumb"},"inLanguage":"es-ES","potentialAction":[{"@type":"ReadAction","target":["https:\/\/www.aclu-co.org\/es\/sobre-nosotros\/contact-us\/"]}]},{"@type":"BreadcrumbList","@id":"https:\/\/www.aclu-co.org\/es\/sobre-nosotros\/contact-us\/#breadcrumb","itemListElement":[{"@type":"ListItem","position":1,"name":"Sobre nosotros","item":"https:\/\/www.aclu-co.org\/es\/sobre-nosotros\/"},{"@type":"ListItem","position":2,"name":"Contact Us"}]},{"@type":"WebSite","@id":"https:\/\/www.aclu-co.org\/#website","url":"https:\/\/www.aclu-co.org\/","name":"ACLU of Colorado","description":"","publisher":{"@id":"https:\/\/www.aclu-co.org\/#organization"},"potentialAction":[{"@type":"SearchAction","target":{"@type":"EntryPoint","urlTemplate":"https:\/\/www.aclu-co.org\/?s={search_term_string}"},"query-input":{"@type":"PropertyValueSpecification","valueRequired":true,"valueName":"search_term_string"}}],"inLanguage":"es-ES"},{"@type":"Organization","@id":"https:\/\/www.aclu-co.org\/#organization","name":"ACLU of Colorado","url":"https:\/\/www.aclu-co.org\/","logo":{"@type":"ImageObject","inLanguage":"es-ES","@id":"https:\/\/www.aclu-co.org\/#\/schema\/logo\/image\/","url":"https:\/\/www.aclu-co.org\/app\/uploads\/2025\/08\/ACLU_Colorado_Moblie-Web_Color_RGB.png","contentUrl":"https:\/\/www.aclu-co.org\/app\/uploads\/2025\/08\/ACLU_Colorado_Moblie-Web_Color_RGB.png","width":2084,"height":2084,"caption":"ACLU of Colorado"},"image":{"@id":"https:\/\/www.aclu-co.org\/#\/schema\/logo\/image\/"}}]}},"distributor_meta":false,"distributor_terms":false,"distributor_media":false,"distributor_original_site_name":"ACLU of Colorado","distributor_original_site_url":"https:\/\/www.aclu-co.org\/es\/","push-errors":false,"_links":{"self":[{"href":"https:\/\/www.aclu-co.org\/es\/wp-json\/wp\/v2\/pages\/1943","targetHints":{"allow":["GET"]}}],"collection":[{"href":"https:\/\/www.aclu-co.org\/es\/wp-json\/wp\/v2\/pages"}],"about":[{"href":"https:\/\/www.aclu-co.org\/es\/wp-json\/wp\/v2\/types\/page"}],"replies":[{"embeddable":true,"href":"https:\/\/www.aclu-co.org\/es\/wp-json\/wp\/v2\/comments?post=1943"}],"version-history":[{"count":0,"href":"https:\/\/www.aclu-co.org\/es\/wp-json\/wp\/v2\/pages\/1943\/revisions"}],"up":[{"embeddable":true,"href":"https:\/\/www.aclu-co.org\/es\/wp-json\/wp\/v2\/pages\/1937"}],"wp:attachment":[{"href":"https:\/\/www.aclu-co.org\/es\/wp-json\/wp\/v2\/media?parent=1943"}],"curies":[{"name":"wp","href":"https:\/\/api.w.org\/{rel}","templated":true}]}}