{"id":1945,"date":"2013-10-16T06:00:00","date_gmt":"2013-10-16T12:00:00","guid":{"rendered":"https:\/\/www.aclu-co.org\/necesita-ayuda-legal\/"},"modified":"2013-10-16T06:00:00","modified_gmt":"2013-10-16T06:00:00","slug":"necesita-ayuda-legal","status":"publish","type":"page","link":"https:\/\/www.aclu-co.org\/es\/necesita-ayuda-legal\/","title":{"rendered":"Necesita Ayuda Legal?"},"content":{"rendered":"<p>Uni\u00f3n Americana de las Libertades Civiles (ACLU por sus siglas en ingl\u00e9s) de Colorado no responde a llamadas solicitando consejos legales, ni a preguntas sobre el estatus de una queja ya sometida. Tampoco respondemos a solicitaciones de consejos legales en persona.<br \/>\n<!--more--><\/p>\n<p>Forma legal: <a href=\"https:\/\/intake.aclu-co.org\/\">https:\/\/intake.aclu-co.org\/<\/a><\/p>\n<hr>\n<p>La Uni\u00f3n Americana de las Libertades Civiles (ACLU por sus siglas en ingl\u00e9s) de Colorado no responde a llamadas solicitando consejos legales, ni a preguntas sobre el estatus de una queja ya sometida. Tampoco respondemos a solicitaciones de consejos legales en persona. Si desea someter una queja para la consideraci\u00f3n de nuestro panel legal, por favor m\u00e1ndenos una carta, un correo electr\u00f3nico o un fax. Mande su solicitaci\u00f3n a:<\/p>\n<p>ACLU of Colorado<br \/>303 E. 17th Ave., Suite 350<br \/>Denver, CO 80203<br \/>Attn: Legal Intake<\/p>\n<p>O: por correo electr\u00f3nico a info@aclu-co.org<br \/>O: mande un fax a 303-777-1773<\/p>\n<p>Le avisaremos dentro de 4 a 8 semanas si su caso ha sido aceptado para litigaci\u00f3n.<\/p>\n<p>Por favor lim\u00edtese a escribir solo 2 o 3 p\u00e1ginas. No nos mande documentos originales por correo porque no podemos devolverlos. Por favor permita por lo menos 30 d\u00edas para la consideraci\u00f3n de su carta. Si usted decide contactarnos por correo electr\u00f3nico, por favor ponga le descripci\u00f3n de su queja en el cuerpo del correo electr\u00f3nico. No podemos responder a preguntas por tel\u00e9fono sobre el estatus de una queja ya sometida.<\/p>\n<p>Por favor incluya su direcci\u00f3n, correo electr\u00f3nico (si lo tiene), n\u00famero de tel\u00e9fono y n\u00famero de prisionero (n\u00famero de DOC por sus siglas en ingl\u00e9s, si le aplica). Si usted nos escribe desde una c\u00e1rcel de condado, una c\u00e1rcel de la migra u otra c\u00e1rcel temporaria, por favor incluya el nombre y las direcci\u00f3n de un\/a amigo\/a o pariente quien siempre sabr\u00e1 donde est\u00e1 usted.<\/p>\n<p>Para informaci\u00f3n sobre otros recursos, por favor lea nuestra p\u00e1gina sobre recursos para los inmigrantes.<\/p>\n<p>En su carta, por favor describa en detalle la queja o la violaci\u00f3n de sus derechos civiles qu\u00e9 le impele a solicitar asistencia legal:<\/p>\n<p>Describa los hechos y conteste estas preguntas sobre su caso: \u00bfqui\u00e9n?, \u00bfqu\u00e9?, \u00bfcu\u00e1ndo?, \u00bfd\u00f3nde?, y \u00bfpor qu\u00e9?<\/p>\n<p>Identifique las personas, los negocios, las instituciones o las agencias del gobierno que han violado sus derechos.<\/p>\n<p>Si esta persona u organizaci\u00f3n le dio una explicaci\u00f3n por sus acciones, por favor cu\u00e9ntenos. Si es posible, expl\u00edquenos porque usted cree que esta explanaci\u00f3n no sea suficiente.<\/p>\n<p>Si el incidente result\u00f3 en cobertura por la prensa, por favor incluya copias de los art\u00edculos sobre el incidente.<\/p>\n<p>Si su queja incluye maltratamiento perpetrado por la polic\u00eda, trate de obtener una copia del informe de polic\u00eda.<\/p>\n<p>Si usted ya empez\u00f3 a tomar acci\u00f3n legal, como presentar una demanda o una apelaci\u00f3n, por favor explique el estatus de su caso.<\/p>\n<p>Por favor indique si usted autoriza a ACLU a escribir una carta solicitando m\u00e1s informaci\u00f3n o una carta de protesta usando su nombre.<\/p>\n<p>Finalmente, por favor explique el tipo de ayuda que usted est\u00e1 solicitando de las ACLU.<\/p>\n<p>ACLU de Colorado generalmente no acepta estos tipos de casos:<\/p>\n<p>Casos de ley familiar. ACLU de Colorado generalmente no suministra asesoramiento legal en casos de ley familiar como divorcio, custodia de ni\u00f1os o manutenci\u00f3n de ni\u00f1os.<\/p>\n<p>Casos sobre beneficios p\u00fablicos negados. ACLU generalmente no toma casos sobre beneficios p\u00fablicos, tales como la compensaci\u00f3n de trabajadores o beneficios de desempleo.<\/p>\n<p>Casos relacionados a conflictos entre propietarios e inquilinos. ACLU generalmente no acepta casos relacionados a conflictos entre propietarios e inquilinos a menos que el caso trata de discriminaci\u00f3n prohibida por un estatuto o una ordenanza.<\/p>\n<p>Casos criminales. ACLU generalmente no suministra asesoramiento legal en casos criminales. Hay una excepci\u00f3n, sin embargo, cuando la acusaci\u00f3n implica un derecho constitucional como la libertad de expresi\u00f3n. Por un lado, por ejemplo, ACLU generalmente no suministra defensa criminal a una persona acusada de robar una casa a\u00fan si la evidencia fue obtenido en un cacheo que viol\u00f3 las Cuarta Enmienda de las Constituci\u00f3n de los Estados Unidos. Por el otro lado, ACLU podr\u00eda considerar suministrando asesoramiento legal, por ejemplo, si el acusado fue arrestado por participar en una demostraci\u00f3n pol\u00edtica y ejercitar su libertad de expresi\u00f3n.<\/p>\n<p>Quejas sobre su sentencia de la c\u00e1rcel o convicci\u00f3n. ACLU casi nunca provee un abogado para negar una convicci\u00f3n criminal o la duraci\u00f3n de una sentencia. ACLU casi nunca provee un abogado para negar una convicci\u00f3n criminal o la duraci\u00f3n de una sentencia. ACLU tampoco puede ayudar a los prisioneros quienes creen que la duraci\u00f3n du su sentencia ha sido calculado equivocadamente. Si una apelaci\u00f3n pendiente implica un derecho constitucional importante, puede ser que ACLU someter\u00eda un informe de amicus curiae (un informe escrito que trata de apoyar a la corte con informaci\u00f3n qu\u00e9 puede ser tomada en cuenta al momento de dictarse sentencia y no es parte en el procedimiento) en las cortes de apelaci\u00f3n. Solicitaciones para informes de amicus curiae deber\u00edan ser sometidos por su abogado de apelaci\u00f3n.<\/p>\n<p>Quejas sobre un defensor p\u00fablico. ACLU no responde a quejas sobre un abogado fijado por la corte.<\/p>\n<p>Casos laborales. ACLU generalmente no suministra asesoramiento legal en casos laborales cuando un\/a empleado\/a cree que ha sido despedido sin raz\u00f3n o tratado mal en su lugar de empleo, especialmente cuando trabaja por una empresa privada en vez de una agencia del gobierno. Sin embargo, cuando la situaci\u00f3n trata de discriminaci\u00f3n relacionado con la raza, el sexo o la religi\u00f3n del\/de la empleado\/a u otra raz\u00f3n qu\u00e9 est\u00e1 en violaci\u00f3n de leyes contra la discriminaci\u00f3n, existen m\u00e1s oportunidades para tomar acci\u00f3n legal. En casos relacionados con las discriminaci\u00f3n, por favor contacte a la Divisi\u00f3n de Derechos Civiles de Colorado, (Colorado Civil Rights Division o CCRD por sus siglas en ingl\u00e9s) antes de mandar una carta a ACLU de Colorado. Usted puede acceder m\u00e1s informaci\u00f3n sobre como someter una queja a la CCRD en su sitio de internet: <a href=\"https:\/\/ccrd.colorado.gov\/\">https:\/\/ccrd.colorado.gov\/<\/a>&nbsp;o llamando a la agencia a 303-894-2997.<\/p>\n<p>Casos qu\u00e9 ya est\u00e1n demasiado viejo. La mayor\u00eda de los reclamos legales tienen fechas l\u00edmites. Si el incidente ocurri\u00f3 hace much tiempo, puede ser que ya es demasiado tarde para tomar acci\u00f3n legal. ACLU de Colorado no puedo darle informaci\u00f3n sobre cuales plazos de tiempo pueden aplicar a sus particular asunto legal.<\/p>\n","protected":false},"excerpt":{"rendered":"<p>Uni\u00f3n Americana de las Libertades Civiles (ACLU por sus siglas en ingl\u00e9s) de Colorado no responde a llamadas solicitando consejos legales, ni a preguntas sobre el estatus de una queja ya sometida. Tampoco respondemos a solicitaciones de consejos legales en persona.<\/p>\n","protected":false},"author":0,"featured_media":0,"parent":0,"menu_order":0,"comment_status":"closed","ping_status":"closed","template":"","meta":{"_acf_changed":false,"_relevanssi_hide_post":"","_relevanssi_hide_content":"","_relevanssi_pin_for_all":"","_relevanssi_pin_keywords":"","_relevanssi_unpin_keywords":"","_relevanssi_related_keywords":"","_relevanssi_related_include_ids":"","_relevanssi_related_exclude_ids":"","_relevanssi_related_no_append":"","_relevanssi_related_not_related":"","_relevanssi_related_posts":"","_relevanssi_noindex_reason":"","footnotes":""},"class_list":["post-1945","page","type-page","status-publish","hentry"],"acf":{"layout":"default","header-group":{"header-description":"Uni\u00f3n Americana de las Libertades Civiles (ACLU por sus siglas en ingl\u00e9s) de Colorado no responde a llamadas solicitando consejos legales, ni a preguntas sobre el estatus de una queja ya sometida. Tampoco respondemos a solicitaciones de consejos legales en persona.\n","show-subnav":false,"hide-from-subnav":false},"components":[{"acf_fc_layout":"text","text":{"text":"Forma legal: <a href=\"https:\/\/intake.aclu-co.org\/\">https:\/\/intake.aclu-co.org\/<\/a>"}},{"acf_fc_layout":"divider","divider":{"divider_type":"hr"}},{"acf_fc_layout":"text","text":{"text":"La Uni\u00f3n Americana de las Libertades Civiles (ACLU por sus siglas en ingl\u00e9s) de Colorado no responde a llamadas solicitando consejos legales, ni a preguntas sobre el estatus de una queja ya sometida. Tampoco respondemos a solicitaciones de consejos legales en persona. Si desea someter una queja para la consideraci\u00f3n de nuestro panel legal, por favor m\u00e1ndenos una carta, un correo electr\u00f3nico o un fax. Mande su solicitaci\u00f3n a:\n\nACLU of Colorado<br>303 E. 17th Ave., Suite 350<br>Denver, CO 80203<br>Attn: Legal Intake\n\nO: por correo electr\u00f3nico a info@aclu-co.org<br>O: mande un fax a 303-777-1773\n\nLe avisaremos dentro de 4 a 8 semanas si su caso ha sido aceptado para litigaci\u00f3n.\n\nPor favor lim\u00edtese a escribir solo 2 o 3 p\u00e1ginas. No nos mande documentos originales por correo porque no podemos devolverlos. Por favor permita por lo menos 30 d\u00edas para la consideraci\u00f3n de su carta. Si usted decide contactarnos por correo electr\u00f3nico, por favor ponga le descripci\u00f3n de su queja en el cuerpo del correo electr\u00f3nico. No podemos responder a preguntas por tel\u00e9fono sobre el estatus de una queja ya sometida.<br><br>Por favor incluya su direcci\u00f3n, correo electr\u00f3nico (si lo tiene), n\u00famero de tel\u00e9fono y n\u00famero de prisionero (n\u00famero de DOC por sus siglas en ingl\u00e9s, si le aplica). Si usted nos escribe desde una c\u00e1rcel de condado, una c\u00e1rcel de la migra u otra c\u00e1rcel temporaria, por favor incluya el nombre y las direcci\u00f3n de un\/a amigo\/a o pariente quien siempre sabr\u00e1 donde est\u00e1 usted.\n\nPara informaci\u00f3n sobre otros recursos, por favor lea nuestra p\u00e1gina sobre recursos para los inmigrantes.\n\nEn su carta, por favor describa en detalle la queja o la violaci\u00f3n de sus derechos civiles qu\u00e9 le impele a solicitar asistencia legal:\n\nDescriba los hechos y conteste estas preguntas sobre su caso: \u00bfqui\u00e9n?, \u00bfqu\u00e9?, \u00bfcu\u00e1ndo?, \u00bfd\u00f3nde?, y \u00bfpor qu\u00e9?\n\nIdentifique las personas, los negocios, las instituciones o las agencias del gobierno que han violado sus derechos.\n\nSi esta persona u organizaci\u00f3n le dio una explicaci\u00f3n por sus acciones, por favor cu\u00e9ntenos. Si es posible, expl\u00edquenos porque usted cree que esta explanaci\u00f3n no sea suficiente.\n\nSi el incidente result\u00f3 en cobertura por la prensa, por favor incluya copias de los art\u00edculos sobre el incidente.\n\nSi su queja incluye maltratamiento perpetrado por la polic\u00eda, trate de obtener una copia del informe de polic\u00eda.\n\nSi usted ya empez\u00f3 a tomar acci\u00f3n legal, como presentar una demanda o una apelaci\u00f3n, por favor explique el estatus de su caso.\n\nPor favor indique si usted autoriza a ACLU a escribir una carta solicitando m\u00e1s informaci\u00f3n o una carta de protesta usando su nombre.\n\nFinalmente, por favor explique el tipo de ayuda que usted est\u00e1 solicitando de las ACLU.\n\nACLU de Colorado generalmente no acepta estos tipos de casos:\n\nCasos de ley familiar. ACLU de Colorado generalmente no suministra asesoramiento legal en casos de ley familiar como divorcio, custodia de ni\u00f1os o manutenci\u00f3n de ni\u00f1os.\n\nCasos sobre beneficios p\u00fablicos negados. ACLU generalmente no toma casos sobre beneficios p\u00fablicos, tales como la compensaci\u00f3n de trabajadores o beneficios de desempleo.\n\nCasos relacionados a conflictos entre propietarios e inquilinos. ACLU generalmente no acepta casos relacionados a conflictos entre propietarios e inquilinos a menos que el caso trata de discriminaci\u00f3n prohibida por un estatuto o una ordenanza.\n\nCasos criminales. ACLU generalmente no suministra asesoramiento legal en casos criminales. Hay una excepci\u00f3n, sin embargo, cuando la acusaci\u00f3n implica un derecho constitucional como la libertad de expresi\u00f3n. Por un lado, por ejemplo, ACLU generalmente no suministra defensa criminal a una persona acusada de robar una casa a\u00fan si la evidencia fue obtenido en un cacheo que viol\u00f3 las Cuarta Enmienda de las Constituci\u00f3n de los Estados Unidos. Por el otro lado, ACLU podr\u00eda considerar suministrando asesoramiento legal, por ejemplo, si el acusado fue arrestado por participar en una demostraci\u00f3n pol\u00edtica y ejercitar su libertad de expresi\u00f3n.\n\nQuejas sobre su sentencia de la c\u00e1rcel o convicci\u00f3n. ACLU casi nunca provee un abogado para negar una convicci\u00f3n criminal o la duraci\u00f3n de una sentencia. ACLU casi nunca provee un abogado para negar una convicci\u00f3n criminal o la duraci\u00f3n de una sentencia. ACLU tampoco puede ayudar a los prisioneros quienes creen que la duraci\u00f3n du su sentencia ha sido calculado equivocadamente. Si una apelaci\u00f3n pendiente implica un derecho constitucional importante, puede ser que ACLU someter\u00eda un informe de amicus curiae (un informe escrito que trata de apoyar a la corte con informaci\u00f3n qu\u00e9 puede ser tomada en cuenta al momento de dictarse sentencia y no es parte en el procedimiento) en las cortes de apelaci\u00f3n. Solicitaciones para informes de amicus curiae deber\u00edan ser sometidos por su abogado de apelaci\u00f3n.\n\nQuejas sobre un defensor p\u00fablico. ACLU no responde a quejas sobre un abogado fijado por la corte.\n\nCasos laborales. ACLU generalmente no suministra asesoramiento legal en casos laborales cuando un\/a empleado\/a cree que ha sido despedido sin raz\u00f3n o tratado mal en su lugar de empleo, especialmente cuando trabaja por una empresa privada en vez de una agencia del gobierno. Sin embargo, cuando la situaci\u00f3n trata de discriminaci\u00f3n relacionado con la raza, el sexo o la religi\u00f3n del\/de la empleado\/a u otra raz\u00f3n qu\u00e9 est\u00e1 en violaci\u00f3n de leyes contra la discriminaci\u00f3n, existen m\u00e1s oportunidades para tomar acci\u00f3n legal. En casos relacionados con las discriminaci\u00f3n, por favor contacte a la Divisi\u00f3n de Derechos Civiles de Colorado, (Colorado Civil Rights Division o CCRD por sus siglas en ingl\u00e9s) antes de mandar una carta a ACLU de Colorado. Usted puede acceder m\u00e1s informaci\u00f3n sobre como someter una queja a la CCRD en su sitio de internet: <a href=\"https:\/\/ccrd.colorado.gov\/\">https:\/\/ccrd.colorado.gov\/<\/a> o llamando a la agencia a 303-894-2997.\n\nCasos qu\u00e9 ya est\u00e1n demasiado viejo. La mayor\u00eda de los reclamos legales tienen fechas l\u00edmites. Si el incidente ocurri\u00f3 hace much tiempo, puede ser que ya es demasiado tarde para tomar acci\u00f3n legal. ACLU de Colorado no puedo darle informaci\u00f3n sobre cuales plazos de tiempo pueden aplicar a sus particular asunto legal."}}],"section":null,"issues":null,"related_content":[],"documents":null},"yoast_head":"<!-- This site is optimized with the Yoast SEO plugin v24.9 - https:\/\/yoast.com\/wordpress\/plugins\/seo\/ -->\n<title>Necesita Ayuda Legal? - ACLU of Colorado<\/title>\n<meta name=\"robots\" content=\"index, follow, max-snippet:-1, max-image-preview:large, max-video-preview:-1\" \/>\n<link rel=\"canonical\" href=\"https:\/\/www.aclu-co.org\/es\/necesita-ayuda-legal\/\" \/>\n<meta property=\"og:locale\" content=\"es_ES\" \/>\n<meta property=\"og:type\" content=\"article\" \/>\n<meta property=\"og:title\" content=\"Necesita Ayuda Legal? - ACLU of Colorado\" \/>\n<meta property=\"og:description\" content=\"Uni\u00f3n Americana de las Libertades Civiles (ACLU por sus siglas en ingl\u00e9s) de Colorado no responde a llamadas solicitando consejos legales, ni a preguntas sobre el estatus de una queja ya sometida. Tampoco respondemos a solicitaciones de consejos legales en persona.\" \/>\n<meta property=\"og:url\" content=\"https:\/\/www.aclu-co.org\/es\/necesita-ayuda-legal\/\" \/>\n<meta property=\"og:site_name\" content=\"ACLU of Colorado\" \/>\n<meta property=\"og:image\" content=\"https:\/\/www.aclu-co.org\/app\/themes\/aclu-parent\/img\/default_fb_share.jpg\" \/>\n<meta name=\"twitter:card\" content=\"summary_large_image\" \/>\n<script type=\"application\/ld+json\" class=\"yoast-schema-graph\">{\"@context\":\"https:\/\/schema.org\",\"@graph\":[{\"@type\":\"WebPage\",\"@id\":\"https:\/\/www.aclu-co.org\/es\/necesita-ayuda-legal\/\",\"url\":\"https:\/\/www.aclu-co.org\/es\/necesita-ayuda-legal\/\",\"name\":\"Necesita Ayuda Legal? - ACLU of Colorado\",\"isPartOf\":{\"@id\":\"https:\/\/www.aclu-co.org\/#website\"},\"datePublished\":\"2013-10-16T12:00:00+00:00\",\"inLanguage\":\"es-ES\",\"potentialAction\":[{\"@type\":\"ReadAction\",\"target\":[\"https:\/\/www.aclu-co.org\/es\/necesita-ayuda-legal\/\"]}]},{\"@type\":\"WebSite\",\"@id\":\"https:\/\/www.aclu-co.org\/#website\",\"url\":\"https:\/\/www.aclu-co.org\/\",\"name\":\"ACLU of Colorado\",\"description\":\"\",\"publisher\":{\"@id\":\"https:\/\/www.aclu-co.org\/#organization\"},\"potentialAction\":[{\"@type\":\"SearchAction\",\"target\":{\"@type\":\"EntryPoint\",\"urlTemplate\":\"https:\/\/www.aclu-co.org\/?s={search_term_string}\"},\"query-input\":{\"@type\":\"PropertyValueSpecification\",\"valueRequired\":true,\"valueName\":\"search_term_string\"}}],\"inLanguage\":\"es-ES\"},{\"@type\":\"Organization\",\"@id\":\"https:\/\/www.aclu-co.org\/#organization\",\"name\":\"ACLU of Colorado\",\"url\":\"https:\/\/www.aclu-co.org\/\",\"logo\":{\"@type\":\"ImageObject\",\"inLanguage\":\"es-ES\",\"@id\":\"https:\/\/www.aclu-co.org\/#\/schema\/logo\/image\/\",\"url\":\"https:\/\/www.aclu-co.org\/app\/uploads\/2025\/08\/ACLU_Colorado_Moblie-Web_Color_RGB.png\",\"contentUrl\":\"https:\/\/www.aclu-co.org\/app\/uploads\/2025\/08\/ACLU_Colorado_Moblie-Web_Color_RGB.png\",\"width\":2084,\"height\":2084,\"caption\":\"ACLU of Colorado\"},\"image\":{\"@id\":\"https:\/\/www.aclu-co.org\/#\/schema\/logo\/image\/\"}}]}<\/script>\n<!-- \/ Yoast SEO plugin. -->","yoast_head_json":{"title":"Necesita Ayuda Legal? - ACLU of Colorado","robots":{"index":"index","follow":"follow","max-snippet":"max-snippet:-1","max-image-preview":"max-image-preview:large","max-video-preview":"max-video-preview:-1"},"canonical":"https:\/\/www.aclu-co.org\/es\/necesita-ayuda-legal\/","og_locale":"es_ES","og_type":"article","og_title":"Necesita Ayuda Legal? - ACLU of Colorado","og_description":"Uni\u00f3n Americana de las Libertades Civiles (ACLU por sus siglas en ingl\u00e9s) de Colorado no responde a llamadas solicitando consejos legales, ni a preguntas sobre el estatus de una queja ya sometida. Tampoco respondemos a solicitaciones de consejos legales en persona.","og_url":"https:\/\/www.aclu-co.org\/es\/necesita-ayuda-legal\/","og_site_name":"ACLU of Colorado","og_image":[{"url":"https:\/\/www.aclu-co.org\/app\/themes\/aclu-parent\/img\/default_fb_share.jpg","type":"","width":"","height":""}],"twitter_card":"summary_large_image","schema":{"@context":"https:\/\/schema.org","@graph":[{"@type":"WebPage","@id":"https:\/\/www.aclu-co.org\/es\/necesita-ayuda-legal\/","url":"https:\/\/www.aclu-co.org\/es\/necesita-ayuda-legal\/","name":"Necesita Ayuda Legal? - ACLU of Colorado","isPartOf":{"@id":"https:\/\/www.aclu-co.org\/#website"},"datePublished":"2013-10-16T12:00:00+00:00","inLanguage":"es-ES","potentialAction":[{"@type":"ReadAction","target":["https:\/\/www.aclu-co.org\/es\/necesita-ayuda-legal\/"]}]},{"@type":"WebSite","@id":"https:\/\/www.aclu-co.org\/#website","url":"https:\/\/www.aclu-co.org\/","name":"ACLU of Colorado","description":"","publisher":{"@id":"https:\/\/www.aclu-co.org\/#organization"},"potentialAction":[{"@type":"SearchAction","target":{"@type":"EntryPoint","urlTemplate":"https:\/\/www.aclu-co.org\/?s={search_term_string}"},"query-input":{"@type":"PropertyValueSpecification","valueRequired":true,"valueName":"search_term_string"}}],"inLanguage":"es-ES"},{"@type":"Organization","@id":"https:\/\/www.aclu-co.org\/#organization","name":"ACLU of Colorado","url":"https:\/\/www.aclu-co.org\/","logo":{"@type":"ImageObject","inLanguage":"es-ES","@id":"https:\/\/www.aclu-co.org\/#\/schema\/logo\/image\/","url":"https:\/\/www.aclu-co.org\/app\/uploads\/2025\/08\/ACLU_Colorado_Moblie-Web_Color_RGB.png","contentUrl":"https:\/\/www.aclu-co.org\/app\/uploads\/2025\/08\/ACLU_Colorado_Moblie-Web_Color_RGB.png","width":2084,"height":2084,"caption":"ACLU of Colorado"},"image":{"@id":"https:\/\/www.aclu-co.org\/#\/schema\/logo\/image\/"}}]}},"distributor_meta":false,"distributor_terms":false,"distributor_media":false,"distributor_original_site_name":"ACLU of Colorado","distributor_original_site_url":"https:\/\/www.aclu-co.org\/es\/","push-errors":false,"_links":{"self":[{"href":"https:\/\/www.aclu-co.org\/es\/wp-json\/wp\/v2\/pages\/1945","targetHints":{"allow":["GET"]}}],"collection":[{"href":"https:\/\/www.aclu-co.org\/es\/wp-json\/wp\/v2\/pages"}],"about":[{"href":"https:\/\/www.aclu-co.org\/es\/wp-json\/wp\/v2\/types\/page"}],"replies":[{"embeddable":true,"href":"https:\/\/www.aclu-co.org\/es\/wp-json\/wp\/v2\/comments?post=1945"}],"version-history":[{"count":0,"href":"https:\/\/www.aclu-co.org\/es\/wp-json\/wp\/v2\/pages\/1945\/revisions"}],"wp:attachment":[{"href":"https:\/\/www.aclu-co.org\/es\/wp-json\/wp\/v2\/media?parent=1945"}],"curies":[{"name":"wp","href":"https:\/\/api.w.org\/{rel}","templated":true}]}}