{"id":2048,"date":"2014-01-23T03:45:00","date_gmt":"2014-01-23T10:45:00","guid":{"rendered":"https:\/\/www.aclu-co.org\/conozca-sus-derechos\/"},"modified":"2014-01-23T03:45:00","modified_gmt":"2014-01-23T03:45:00","slug":"conozca-sus-derechos","status":"publish","type":"page","link":"https:\/\/www.aclu-co.org\/es\/conozca-sus-derechos\/","title":{"rendered":"CONOZCA SUS DERECHOS"},"content":{"rendered":"<p>Todo el mundo tiene derechos b\u00e1sicos en virtud de la Constituci\u00f3n de los Estados Unidos y las leyes de derechos civiles. Inf\u00f3rmate aqu\u00ed sobre cu\u00e1les son tus derechos, c\u00f3mo ejercerlos y qu\u00e9 hacer cuando te los violan.<\/p>\n<hr>\n<p>&nbsp;<\/p>\n<table border=\"0\" cellpadding=\"8\" cellspacing=\"1\">\n<tbody>\n<tr valign=\"top\">\n<td width=\"50%\">\n<p><a class=\"cta-style-arrow\" href=\"https:\/\/www.aclu-co.org\/es\/know-your-rights\/encuentros-con-las-fuerzas-del-orden\">ENCUENTROS CON LAS FUERZAS DEL ORDEN<\/a><\/p>\n<p>C\u00f3mo manejar los encuentros con la polic\u00eda, la TSA y el Servicio de Inmigraci\u00f3n y Aduanas.&nbsp;<\/p>\n<\/td>\n<td width=\"50%\">\n<p><a class=\"cta-style-arrow\" href=\"https:\/\/www.aclu-co.org\/know-your-rights\/immigrants-rights\/\">DERECHOS DE LOS INMIGRANTES<\/a><\/p>\n<p>Independientemente de su condici\u00f3n de inmigrante, tiene derechos garantizados por la Constituci\u00f3n.<\/p>\n<\/td>\n<\/tr>\n<tr valign=\"top\">\n<td>\n<h4><a class=\"cta-style-arrow\" href=\"https:\/\/www.aclu.org\/issues\/free-speech\/photographers-rights\">DERECHOS DE LOS FOT\u00d3GRAFOS<\/a><\/h4>\n<p>Conozca sus derechos al fotografiar o filmar.&nbsp;<\/p>\n<\/td>\n<td>\n<h4><a class=\"cta-style-arrow\" href=\"http:\/\/www.aclu.org\/know-your-rights\/protesters-rights\/\">DERECHOS DE LOS MANIFESTANTES<\/a><\/h4>\n<p>La Primera Enmienda protege su derecho a reunirse y a expresar sus opiniones mediante la protesta.<\/p>\n<\/td>\n<\/tr>\n<tr valign=\"top\">\n<td>\n<h4><a class=\"cta-style-arrow\" href=\"http:\/\/www.aclu.org\/know-your-rights\/lgbtq-rights\/\">DERECHOS LGBTQ+<\/a><\/h4>\n<p>Conozca sus derechos como miembro de la comunidad LGBTQ+.<\/p>\n<\/td>\n<td>\n<h4><a class=\"cta-style-arrow\" href=\"http:\/\/www.aclu.org\/know-your-rights\/students-rights\/\">DERECHOS DE LOS ESTUDIANTES<\/a><\/h4>\n<p>Conozca sus derechos en el campus y qu\u00e9 hacer si las normas de la escuela violan esos derechos.<\/p>\n<\/td>\n<\/tr>\n<tr valign=\"top\">\n<td>\n<h4><a class=\"cta-style-arrow\" href=\"http:\/\/www.aclu.org\/know-your-rights\/sex-discrimination\/?redirect=reproductive-freedom-womens-rights\/know-your-rights-pregnant-post-partum-breastfeeding-workers\">DISCRIMINACI\u00d3N POR RAZ\u00d3N DE SEXO<\/a><\/h4>\n<p>Inf\u00f3rmese sobre su derecho a ser protegido contra la discriminaci\u00f3n por raz\u00f3n de sexo.<\/p>\n<\/td>\n<td>\n<h4><a class=\"cta-style-arrow\" href=\"http:\/\/www.aclu.org\/know-your-rights\/disability-rights\/\">DERECHOS DE LOS DISCAPACITADOS<\/a><\/h4>\n<p>Las personas con discapacidad se enfrentan a una discriminaci\u00f3n, segregaci\u00f3n y exclusi\u00f3n generalizadas. Pero las leyes federales sobre derechos de los discapacitados pueden ofrecerles protecci\u00f3n.<\/p>\n<\/td>\n<\/tr>\n<tr valign=\"top\">\n<td>\n<h4><a class=\"cta-style-arrow\" href=\"https:\/\/www.aclu-co.org\/es\/campaigns\/derechos-reproductivos\">DERECHOS REPRODUCTIVOS<\/a><\/h4>\n<p>Los derechos y el acceso al aborto var\u00edan mucho de un estado a otro, y a veces incluso dentro de un mismo estado. Colorado se encuentra en medio de estos dos extremos del espectro.<\/p>\n<\/td>\n<td>\n<h4><a class=\"cta-style-arrow\" href=\"https:\/\/www.aclu-co.org\/know-your-rights\/voting-rights\/\">Derecho de voto<\/a><\/h4>\n<p>Encuentre la informaci\u00f3n que necesita para ejercer su derecho al voto, aprenda sobre las iniciativas de votaci\u00f3n respaldadas por la ACLU de Colorado y ay\u00fadenos a proteger el voto y a aumentar la participaci\u00f3n de los votantes.<\/p>\n<\/td>\n<\/tr>\n<\/tbody>\n<\/table>\n<p>&nbsp;<\/p>\n<h4><a class=\"cta-style-arrow\" href=\"https:\/\/www.aclu-co.org\/es\/resources\/solicite-un-orador\">SOLICITAR UN ORADOR<\/a><\/h4>\n<p>\u00bfDesea solicitar que un orador de ACLU imparta una formaci\u00f3n sobre \"Conozca sus derechos\"? Env\u00ede una solicitud.<\/p>\n<h4><a class=\"cta-style-arrow\" href=\"http:\/\/www.archives.gov\/founding-docs\" target=\"_blank\">DOCUMENTOS FUNDACIONALES<\/a><\/h4>\n<p>Los documentos fundacionales de nuestro pa\u00eds documentan todos los derechos que tienes. Si no los has mirado desde la clase de historia del instituto. Nunca est\u00e1 de m\u00e1s refrescar los originales.<\/p>\n<h4>&nbsp;<\/h4>\n<h3>Descargas<\/h3>\n<p>Imprime estos recursos y ll\u00e9valos contigo:<\/p>\n","protected":false},"excerpt":{"rendered":"<p>Todo el mundo tiene derechos b\u00e1sicos en virtud de la Constituci\u00f3n de los Estados Unidos y las leyes de derechos civiles. Inf\u00f3rmate aqu\u00ed sobre cu\u00e1les son tus derechos, c\u00f3mo ejercerlos y qu\u00e9 hacer cuando te los violan. &nbsp; ENCUENTROS CON LAS FUERZAS DEL ORDEN C\u00f3mo manejar los encuentros con la polic\u00eda, la TSA y el [&hellip;]<\/p>\n","protected":false},"author":0,"featured_media":0,"parent":0,"menu_order":0,"comment_status":"closed","ping_status":"closed","template":"","meta":{"_acf_changed":false,"_relevanssi_hide_post":"","_relevanssi_hide_content":"","_relevanssi_pin_for_all":"","_relevanssi_pin_keywords":"","_relevanssi_unpin_keywords":"","_relevanssi_related_keywords":"","_relevanssi_related_include_ids":"","_relevanssi_related_exclude_ids":"","_relevanssi_related_no_append":"","_relevanssi_related_not_related":"","_relevanssi_related_posts":"","_relevanssi_noindex_reason":"","footnotes":""},"class_list":["post-2048","page","type-page","status-publish","hentry"],"acf":{"layout":"default","header-group":{"header-description":"","show-subnav":false,"hide-from-subnav":false},"components":[{"acf_fc_layout":"text","text":{"text":"Todo el mundo tiene derechos b\u00e1sicos en virtud de la Constituci\u00f3n de los Estados Unidos y las leyes de derechos civiles. Inf\u00f3rmate aqu\u00ed sobre cu\u00e1les son tus derechos, c\u00f3mo ejercerlos y qu\u00e9 hacer cuando te los violan."}},{"acf_fc_layout":"divider","divider":{"divider_type":"hr"}},{"acf_fc_layout":"migrated","migrated":{"migrated":"<table border=\"0\" cellpadding=\"8\" cellspacing=\"1\"><tbody><tr valign=\"top\"><td width=\"50%\"><p><a class=\"cta-style-arrow\" href=\"https:\/\/www.aclu-co.org\/es\/know-your-rights\/encuentros-con-las-fuerzas-del-orden\">ENCUENTROS CON LAS FUERZAS DEL ORDEN<\/a><\/p><p>C\u00f3mo manejar los encuentros con la polic\u00eda, la TSA y el Servicio de Inmigraci\u00f3n y Aduanas.\u00a0<\/p><\/td><td width=\"50%\"><p><a class=\"cta-style-arrow\" href=\"https:\/\/www.aclu-co.org\/know-your-rights\/immigrants-rights\/\">DERECHOS DE LOS INMIGRANTES<\/a><\/p><p>Independientemente de su condici\u00f3n de inmigrante, tiene derechos garantizados por la Constituci\u00f3n.<\/p><\/td><\/tr><tr valign=\"top\"><td><h4><a class=\"cta-style-arrow\" href=\"https:\/\/www.aclu.org\/issues\/free-speech\/photographers-rights\">DERECHOS DE LOS FOT\u00d3GRAFOS<\/a><\/h4><p>Conozca sus derechos al fotografiar o filmar.\u00a0<\/p><\/td><td><h4><a class=\"cta-style-arrow\" href=\"http:\/\/www.aclu.org\/know-your-rights\/protesters-rights\/\">DERECHOS DE LOS MANIFESTANTES<\/a><\/h4><p>La Primera Enmienda protege su derecho a reunirse y a expresar sus opiniones mediante la protesta.<\/p><\/td><\/tr><tr valign=\"top\"><td><h4><a class=\"cta-style-arrow\" href=\"http:\/\/www.aclu.org\/know-your-rights\/lgbtq-rights\/\">DERECHOS LGBTQ+<\/a><\/h4><p>Conozca sus derechos como miembro de la comunidad LGBTQ+.<\/p><\/td><td><h4><a class=\"cta-style-arrow\" href=\"http:\/\/www.aclu.org\/know-your-rights\/students-rights\/\">DERECHOS DE LOS ESTUDIANTES<\/a><\/h4><p>Conozca sus derechos en el campus y qu\u00e9 hacer si las normas de la escuela violan esos derechos.<\/p><\/td><\/tr><tr valign=\"top\"><td><h4><a class=\"cta-style-arrow\" href=\"http:\/\/www.aclu.org\/know-your-rights\/sex-discrimination\/?redirect=reproductive-freedom-womens-rights\/know-your-rights-pregnant-post-partum-breastfeeding-workers\">DISCRIMINACI\u00d3N POR RAZ\u00d3N DE SEXO<\/a><\/h4><p>Inf\u00f3rmese sobre su derecho a ser protegido contra la discriminaci\u00f3n por raz\u00f3n de sexo.<\/p><\/td><td><h4><a class=\"cta-style-arrow\" href=\"http:\/\/www.aclu.org\/know-your-rights\/disability-rights\/\">DERECHOS DE LOS DISCAPACITADOS<\/a><\/h4><p>Las personas con discapacidad se enfrentan a una discriminaci\u00f3n, segregaci\u00f3n y exclusi\u00f3n generalizadas. Pero las leyes federales sobre derechos de los discapacitados pueden ofrecerles protecci\u00f3n.<\/p><\/td><\/tr><tr valign=\"top\"><td><h4><a class=\"cta-style-arrow\" href=\"https:\/\/www.aclu-co.org\/es\/campaigns\/derechos-reproductivos\">DERECHOS REPRODUCTIVOS<\/a><\/h4><p>Los derechos y el acceso al aborto var\u00edan mucho de un estado a otro, y a veces incluso dentro de un mismo estado. Colorado se encuentra en medio de estos dos extremos del espectro.<\/p><\/td><td><h4><a class=\"cta-style-arrow\" href=\"https:\/\/www.aclu-co.org\/know-your-rights\/voting-rights\/\">Derecho de voto<\/a><\/h4><p>Encuentre la informaci\u00f3n que necesita para ejercer su derecho al voto, aprenda sobre las iniciativas de votaci\u00f3n respaldadas por la ACLU de Colorado y ay\u00fadenos a proteger el voto y a aumentar la participaci\u00f3n de los votantes.<\/p><\/td><\/tr><\/tbody><\/table><p>\u00a0<\/p>"}},{"acf_fc_layout":"heading","heading":{"":null,"text":"SOLICITAR UN ORADOR","anchor":"","sub-heading":"<a href=\"https:\/\/www.aclu-co.org\/es\/resources\/solicite-un-orador\">View<\/a>","type":"h4","heading-style":"standard"}},{"acf_fc_layout":"text","text":{"text":"\u00bfDesea solicitar que un orador de ACLU imparta una formaci\u00f3n sobre \"Conozca sus derechos\"? Env\u00ede una solicitud."}},{"acf_fc_layout":"heading","heading":{"":null,"text":"DOCUMENTOS FUNDACIONALES","anchor":"","sub-heading":"<a href=\"http:\/\/www.archives.gov\/founding-docs\" target=\"_blank\">View<\/a>","type":"h4","heading-style":"standard"}},{"acf_fc_layout":"text","text":{"text":"Los documentos fundacionales de nuestro pa\u00eds documentan todos los derechos que tienes. Si no los has mirado desde la clase de historia del instituto. Nunca est\u00e1 de m\u00e1s refrescar los originales."}},{"acf_fc_layout":"heading","heading":{"":null,"text":"Descargas","anchor":"","sub-heading":"","type":"h3","heading-style":"standard"}},{"acf_fc_layout":"text","text":{"text":"Imprime estos recursos y ll\u00e9valos contigo:"}}],"section":null,"issues":null,"related_content":[],"documents":null},"yoast_head":"<!-- This site is optimized with the Yoast SEO plugin v24.9 - https:\/\/yoast.com\/wordpress\/plugins\/seo\/ -->\n<title>CONOZCA SUS DERECHOS - ACLU of Colorado<\/title>\n<meta name=\"robots\" content=\"index, follow, max-snippet:-1, max-image-preview:large, max-video-preview:-1\" \/>\n<link rel=\"canonical\" href=\"https:\/\/www.aclu-co.org\/es\/conozca-sus-derechos\/\" \/>\n<meta property=\"og:locale\" content=\"es_ES\" \/>\n<meta property=\"og:type\" content=\"article\" \/>\n<meta property=\"og:title\" content=\"CONOZCA SUS DERECHOS - ACLU of Colorado\" \/>\n<meta property=\"og:description\" content=\"Todo el mundo tiene derechos b\u00e1sicos en virtud de la Constituci\u00f3n de los Estados Unidos y las leyes de derechos civiles. Inf\u00f3rmate aqu\u00ed sobre cu\u00e1les son tus derechos, c\u00f3mo ejercerlos y qu\u00e9 hacer cuando te los violan. &nbsp; ENCUENTROS CON LAS FUERZAS DEL ORDEN C\u00f3mo manejar los encuentros con la polic\u00eda, la TSA y el [&hellip;]\" \/>\n<meta property=\"og:url\" content=\"https:\/\/www.aclu-co.org\/es\/conozca-sus-derechos\/\" \/>\n<meta property=\"og:site_name\" content=\"ACLU of Colorado\" \/>\n<meta property=\"og:image\" content=\"https:\/\/www.aclu-co.org\/app\/themes\/aclu-parent\/img\/default_fb_share.jpg\" \/>\n<meta name=\"twitter:card\" content=\"summary_large_image\" \/>\n<script type=\"application\/ld+json\" class=\"yoast-schema-graph\">{\"@context\":\"https:\/\/schema.org\",\"@graph\":[{\"@type\":\"WebPage\",\"@id\":\"https:\/\/www.aclu-co.org\/es\/conozca-sus-derechos\/\",\"url\":\"https:\/\/www.aclu-co.org\/es\/conozca-sus-derechos\/\",\"name\":\"CONOZCA SUS DERECHOS - ACLU of Colorado\",\"isPartOf\":{\"@id\":\"https:\/\/www.aclu-co.org\/#website\"},\"datePublished\":\"2014-01-23T10:45:00+00:00\",\"inLanguage\":\"es-ES\",\"potentialAction\":[{\"@type\":\"ReadAction\",\"target\":[\"https:\/\/www.aclu-co.org\/es\/conozca-sus-derechos\/\"]}]},{\"@type\":\"WebSite\",\"@id\":\"https:\/\/www.aclu-co.org\/#website\",\"url\":\"https:\/\/www.aclu-co.org\/\",\"name\":\"ACLU of Colorado\",\"description\":\"\",\"publisher\":{\"@id\":\"https:\/\/www.aclu-co.org\/#organization\"},\"potentialAction\":[{\"@type\":\"SearchAction\",\"target\":{\"@type\":\"EntryPoint\",\"urlTemplate\":\"https:\/\/www.aclu-co.org\/?s={search_term_string}\"},\"query-input\":{\"@type\":\"PropertyValueSpecification\",\"valueRequired\":true,\"valueName\":\"search_term_string\"}}],\"inLanguage\":\"es-ES\"},{\"@type\":\"Organization\",\"@id\":\"https:\/\/www.aclu-co.org\/#organization\",\"name\":\"ACLU of Colorado\",\"url\":\"https:\/\/www.aclu-co.org\/\",\"logo\":{\"@type\":\"ImageObject\",\"inLanguage\":\"es-ES\",\"@id\":\"https:\/\/www.aclu-co.org\/#\/schema\/logo\/image\/\",\"url\":\"https:\/\/www.aclu-co.org\/app\/uploads\/2025\/08\/ACLU_Colorado_Moblie-Web_Color_RGB.png\",\"contentUrl\":\"https:\/\/www.aclu-co.org\/app\/uploads\/2025\/08\/ACLU_Colorado_Moblie-Web_Color_RGB.png\",\"width\":2084,\"height\":2084,\"caption\":\"ACLU of Colorado\"},\"image\":{\"@id\":\"https:\/\/www.aclu-co.org\/#\/schema\/logo\/image\/\"}}]}<\/script>\n<!-- \/ Yoast SEO plugin. -->","yoast_head_json":{"title":"CONOZCA SUS DERECHOS - ACLU of Colorado","robots":{"index":"index","follow":"follow","max-snippet":"max-snippet:-1","max-image-preview":"max-image-preview:large","max-video-preview":"max-video-preview:-1"},"canonical":"https:\/\/www.aclu-co.org\/es\/conozca-sus-derechos\/","og_locale":"es_ES","og_type":"article","og_title":"CONOZCA SUS DERECHOS - ACLU of Colorado","og_description":"Todo el mundo tiene derechos b\u00e1sicos en virtud de la Constituci\u00f3n de los Estados Unidos y las leyes de derechos civiles. Inf\u00f3rmate aqu\u00ed sobre cu\u00e1les son tus derechos, c\u00f3mo ejercerlos y qu\u00e9 hacer cuando te los violan. &nbsp; ENCUENTROS CON LAS FUERZAS DEL ORDEN C\u00f3mo manejar los encuentros con la polic\u00eda, la TSA y el [&hellip;]","og_url":"https:\/\/www.aclu-co.org\/es\/conozca-sus-derechos\/","og_site_name":"ACLU of Colorado","og_image":[{"url":"https:\/\/www.aclu-co.org\/app\/themes\/aclu-parent\/img\/default_fb_share.jpg","type":"","width":"","height":""}],"twitter_card":"summary_large_image","schema":{"@context":"https:\/\/schema.org","@graph":[{"@type":"WebPage","@id":"https:\/\/www.aclu-co.org\/es\/conozca-sus-derechos\/","url":"https:\/\/www.aclu-co.org\/es\/conozca-sus-derechos\/","name":"CONOZCA SUS DERECHOS - ACLU of Colorado","isPartOf":{"@id":"https:\/\/www.aclu-co.org\/#website"},"datePublished":"2014-01-23T10:45:00+00:00","inLanguage":"es-ES","potentialAction":[{"@type":"ReadAction","target":["https:\/\/www.aclu-co.org\/es\/conozca-sus-derechos\/"]}]},{"@type":"WebSite","@id":"https:\/\/www.aclu-co.org\/#website","url":"https:\/\/www.aclu-co.org\/","name":"ACLU of Colorado","description":"","publisher":{"@id":"https:\/\/www.aclu-co.org\/#organization"},"potentialAction":[{"@type":"SearchAction","target":{"@type":"EntryPoint","urlTemplate":"https:\/\/www.aclu-co.org\/?s={search_term_string}"},"query-input":{"@type":"PropertyValueSpecification","valueRequired":true,"valueName":"search_term_string"}}],"inLanguage":"es-ES"},{"@type":"Organization","@id":"https:\/\/www.aclu-co.org\/#organization","name":"ACLU of Colorado","url":"https:\/\/www.aclu-co.org\/","logo":{"@type":"ImageObject","inLanguage":"es-ES","@id":"https:\/\/www.aclu-co.org\/#\/schema\/logo\/image\/","url":"https:\/\/www.aclu-co.org\/app\/uploads\/2025\/08\/ACLU_Colorado_Moblie-Web_Color_RGB.png","contentUrl":"https:\/\/www.aclu-co.org\/app\/uploads\/2025\/08\/ACLU_Colorado_Moblie-Web_Color_RGB.png","width":2084,"height":2084,"caption":"ACLU of Colorado"},"image":{"@id":"https:\/\/www.aclu-co.org\/#\/schema\/logo\/image\/"}}]}},"distributor_meta":false,"distributor_terms":false,"distributor_media":false,"distributor_original_site_name":"ACLU of Colorado","distributor_original_site_url":"https:\/\/www.aclu-co.org\/es\/","push-errors":false,"_links":{"self":[{"href":"https:\/\/www.aclu-co.org\/es\/wp-json\/wp\/v2\/pages\/2048","targetHints":{"allow":["GET"]}}],"collection":[{"href":"https:\/\/www.aclu-co.org\/es\/wp-json\/wp\/v2\/pages"}],"about":[{"href":"https:\/\/www.aclu-co.org\/es\/wp-json\/wp\/v2\/types\/page"}],"replies":[{"embeddable":true,"href":"https:\/\/www.aclu-co.org\/es\/wp-json\/wp\/v2\/comments?post=2048"}],"version-history":[{"count":0,"href":"https:\/\/www.aclu-co.org\/es\/wp-json\/wp\/v2\/pages\/2048\/revisions"}],"wp:attachment":[{"href":"https:\/\/www.aclu-co.org\/es\/wp-json\/wp\/v2\/media?parent=2048"}],"curies":[{"name":"wp","href":"https:\/\/api.w.org\/{rel}","templated":true}]}}