{"id":2050,"date":"2014-01-29T03:16:12","date_gmt":"2014-01-29T03:16:12","guid":{"rendered":"https:\/\/www.aclu-co.org\/diferencia-entre-aclu-y-aclu-foundation\/"},"modified":"2014-01-29T03:16:12","modified_gmt":"2014-01-29T03:16:12","slug":"diferencia-entre-aclu-y-aclu-foundation","status":"publish","type":"page","link":"https:\/\/www.aclu-co.org\/es\/diferencia-entre-aclu-y-aclu-foundation\/","title":{"rendered":"DIFERENCIA ENTRE ACLU Y ACLU FOUNDATION"},"content":{"rendered":"<p>ACLU consta de dos entidades empresariales independientes, American Civil Liberties Union y ACLU Foundation. Aunque tanto American Civil Liberties Union como ACLU Foundation forman parte de la misma organizaci\u00f3n general, es necesario que ACLU cuente con dos organizaciones independientes para que ACLU realice una amplia gama de trabajos para proteger las libertades civiles. Este sitio web se refiere de manera colectiva a las dos organizaciones con la denominaci\u00f3n de \u201cACLU.\u201d<\/p>\n<p>Aunque hay una cierta coincidencia en la labor que realiza cada organizaci\u00f3n, algunas actividades que realiza ACLU para proteger las libertades civiles las debe realizar una organizaci\u00f3n y no la otra. Esto consiste principalmente en el \u00e1mbito de presi\u00f3n. American Civil Liberties Union se dedica a la presi\u00f3n legislativa. Como organizaci\u00f3n id\u00f3nea para recibir aportes que son deducibles de impuestos por parte del contribuyente, la ley federal restringe el grado en que ACLU Foundation puede participar en actividades de presi\u00f3n. Por lo tanto, la mayor parte de la actividad de presi\u00f3n que realiza ACLU y que se analiza en este sitio web es realizada por parte de American Civil Liberties Union. Por otro lado, la mayor\u00eda de las iniciativas de comunicaci\u00f3n y litigios de ACLU que se describen en este sitio web los realiza ACLU Foundation.<\/p>\n<p>Puede realizar un aporte a American Civil Liberties Union, ACLU Foundation o a ambas. Un aporte a cualquiera de las organizaciones se ocupar\u00e1 para respaldar, fomentar y defender las libertades civiles. Sin embargo, cada organizaci\u00f3n solamente ocupar\u00e1 los fondos que se le aporten de manera directa para llevar a cabo las actividades concretas que dirige como parte de la misi\u00f3n general de ACLU. Un donante puede realizar una donaci\u00f3n deducible de impuestos \u00fanicamente a ACLU Foundation. Un donante que escoge \u201csumarse\u201d y afiliarse a ACLU est\u00e1 realizando un aporte a American Civil Liberties Union. Las cuotas de afiliaci\u00f3n y otras donaciones a American Civil Liberties Union no son deducibles de impuestos.<\/p>\n","protected":false},"excerpt":{"rendered":"<p>ACLU consta de dos entidades empresariales independientes, American Civil Liberties Union y ACLU Foundation. Aunque tanto American Civil Liberties Union como ACLU Foundation forman parte de la misma organizaci\u00f3n general, es necesario que ACLU cuente con dos organizaciones independientes para que ACLU realice una amplia gama de trabajos para proteger las libertades civiles. Este sitio [&hellip;]<\/p>\n","protected":false},"author":0,"featured_media":0,"parent":0,"menu_order":0,"comment_status":"closed","ping_status":"closed","template":"","meta":{"_acf_changed":false,"_relevanssi_hide_post":"","_relevanssi_hide_content":"","_relevanssi_pin_for_all":"","_relevanssi_pin_keywords":"","_relevanssi_unpin_keywords":"","_relevanssi_related_keywords":"","_relevanssi_related_include_ids":"","_relevanssi_related_exclude_ids":"","_relevanssi_related_no_append":"","_relevanssi_related_not_related":"","_relevanssi_related_posts":"","_relevanssi_noindex_reason":"","footnotes":""},"class_list":["post-2050","page","type-page","status-publish","hentry"],"acf":{"layout":"default","header-group":{"header-description":"","show-subnav":false,"hide-from-subnav":false},"components":[{"acf_fc_layout":"text","text":{"text":"ACLU consta de dos entidades empresariales independientes, American Civil Liberties Union y ACLU Foundation. Aunque tanto American Civil Liberties Union como ACLU Foundation forman parte de la misma organizaci\u00f3n general, es necesario que ACLU cuente con dos organizaciones independientes para que ACLU realice una amplia gama de trabajos para proteger las libertades civiles. Este sitio web se refiere de manera colectiva a las dos organizaciones con la denominaci\u00f3n de \u201cACLU.\u201d\n\nAunque hay una cierta coincidencia en la labor que realiza cada organizaci\u00f3n, algunas actividades que realiza ACLU para proteger las libertades civiles las debe realizar una organizaci\u00f3n y no la otra. Esto consiste principalmente en el \u00e1mbito de presi\u00f3n. American Civil Liberties Union se dedica a la presi\u00f3n legislativa. Como organizaci\u00f3n id\u00f3nea para recibir aportes que son deducibles de impuestos por parte del contribuyente, la ley federal restringe el grado en que ACLU Foundation puede participar en actividades de presi\u00f3n. Por lo tanto, la mayor parte de la actividad de presi\u00f3n que realiza ACLU y que se analiza en este sitio web es realizada por parte de American Civil Liberties Union. Por otro lado, la mayor\u00eda de las iniciativas de comunicaci\u00f3n y litigios de ACLU que se describen en este sitio web los realiza ACLU Foundation.\n\nPuede realizar un aporte a American Civil Liberties Union, ACLU Foundation o a ambas. Un aporte a cualquiera de las organizaciones se ocupar\u00e1 para respaldar, fomentar y defender las libertades civiles. Sin embargo, cada organizaci\u00f3n solamente ocupar\u00e1 los fondos que se le aporten de manera directa para llevar a cabo las actividades concretas que dirige como parte de la misi\u00f3n general de ACLU. Un donante puede realizar una donaci\u00f3n deducible de impuestos \u00fanicamente a ACLU Foundation. Un donante que escoge \u201csumarse\u201d y afiliarse a ACLU est\u00e1 realizando un aporte a American Civil Liberties Union. Las cuotas de afiliaci\u00f3n y otras donaciones a American Civil Liberties Union no son deducibles de impuestos."}}],"section":null,"issues":null,"related_content":[],"documents":null},"yoast_head":"<!-- This site is optimized with the Yoast SEO plugin v24.9 - https:\/\/yoast.com\/wordpress\/plugins\/seo\/ -->\n<title>DIFERENCIA ENTRE ACLU Y ACLU FOUNDATION - ACLU of Colorado<\/title>\n<meta name=\"robots\" content=\"index, follow, max-snippet:-1, max-image-preview:large, max-video-preview:-1\" \/>\n<link rel=\"canonical\" href=\"http:\/\/www.aclu-co.org\/es\/diferencia-entre-aclu-y-aclu-foundation\/\" \/>\n<meta property=\"og:locale\" content=\"es_ES\" \/>\n<meta property=\"og:type\" content=\"article\" \/>\n<meta property=\"og:title\" content=\"DIFERENCIA ENTRE ACLU Y ACLU FOUNDATION - ACLU of Colorado\" \/>\n<meta property=\"og:description\" content=\"ACLU consta de dos entidades empresariales independientes, American Civil Liberties Union y ACLU Foundation. Aunque tanto American Civil Liberties Union como ACLU Foundation forman parte de la misma organizaci\u00f3n general, es necesario que ACLU cuente con dos organizaciones independientes para que ACLU realice una amplia gama de trabajos para proteger las libertades civiles. Este sitio [&hellip;]\" \/>\n<meta property=\"og:url\" content=\"https:\/\/www.aclu-co.org\/es\/diferencia-entre-aclu-y-aclu-foundation\/\" \/>\n<meta property=\"og:site_name\" content=\"ACLU of Colorado\" \/>\n<meta property=\"og:image\" content=\"https:\/\/www.aclu-co.org\/app\/themes\/aclu-parent\/img\/default_fb_share.jpg\" \/>\n<meta name=\"twitter:card\" content=\"summary_large_image\" \/>\n<script type=\"application\/ld+json\" class=\"yoast-schema-graph\">{\"@context\":\"https:\/\/schema.org\",\"@graph\":[{\"@type\":\"WebPage\",\"@id\":\"http:\/\/www.aclu-co.org\/es\/diferencia-entre-aclu-y-aclu-foundation\/\",\"url\":\"http:\/\/www.aclu-co.org\/es\/diferencia-entre-aclu-y-aclu-foundation\/\",\"name\":\"DIFERENCIA ENTRE ACLU Y ACLU FOUNDATION - ACLU of Colorado\",\"isPartOf\":{\"@id\":\"https:\/\/www.aclu-co.org\/#website\"},\"datePublished\":\"2014-01-29T03:16:12+00:00\",\"inLanguage\":\"es-ES\",\"potentialAction\":[{\"@type\":\"ReadAction\",\"target\":[\"http:\/\/www.aclu-co.org\/es\/diferencia-entre-aclu-y-aclu-foundation\/\"]}]},{\"@type\":\"WebSite\",\"@id\":\"https:\/\/www.aclu-co.org\/#website\",\"url\":\"https:\/\/www.aclu-co.org\/\",\"name\":\"ACLU of Colorado\",\"description\":\"\",\"publisher\":{\"@id\":\"https:\/\/www.aclu-co.org\/#organization\"},\"potentialAction\":[{\"@type\":\"SearchAction\",\"target\":{\"@type\":\"EntryPoint\",\"urlTemplate\":\"https:\/\/www.aclu-co.org\/?s={search_term_string}\"},\"query-input\":{\"@type\":\"PropertyValueSpecification\",\"valueRequired\":true,\"valueName\":\"search_term_string\"}}],\"inLanguage\":\"es-ES\"},{\"@type\":\"Organization\",\"@id\":\"https:\/\/www.aclu-co.org\/#organization\",\"name\":\"ACLU of Colorado\",\"url\":\"https:\/\/www.aclu-co.org\/\",\"logo\":{\"@type\":\"ImageObject\",\"inLanguage\":\"es-ES\",\"@id\":\"https:\/\/www.aclu-co.org\/#\/schema\/logo\/image\/\",\"url\":\"https:\/\/www.aclu-co.org\/app\/uploads\/2025\/08\/ACLU_Colorado_Moblie-Web_Color_RGB.png\",\"contentUrl\":\"https:\/\/www.aclu-co.org\/app\/uploads\/2025\/08\/ACLU_Colorado_Moblie-Web_Color_RGB.png\",\"width\":2084,\"height\":2084,\"caption\":\"ACLU of Colorado\"},\"image\":{\"@id\":\"https:\/\/www.aclu-co.org\/#\/schema\/logo\/image\/\"}}]}<\/script>\n<!-- \/ Yoast SEO plugin. -->","yoast_head_json":{"title":"DIFERENCIA ENTRE ACLU Y ACLU FOUNDATION - ACLU of Colorado","robots":{"index":"index","follow":"follow","max-snippet":"max-snippet:-1","max-image-preview":"max-image-preview:large","max-video-preview":"max-video-preview:-1"},"canonical":"http:\/\/www.aclu-co.org\/es\/diferencia-entre-aclu-y-aclu-foundation\/","og_locale":"es_ES","og_type":"article","og_title":"DIFERENCIA ENTRE ACLU Y ACLU FOUNDATION - ACLU of Colorado","og_description":"ACLU consta de dos entidades empresariales independientes, American Civil Liberties Union y ACLU Foundation. Aunque tanto American Civil Liberties Union como ACLU Foundation forman parte de la misma organizaci\u00f3n general, es necesario que ACLU cuente con dos organizaciones independientes para que ACLU realice una amplia gama de trabajos para proteger las libertades civiles. Este sitio [&hellip;]","og_url":"https:\/\/www.aclu-co.org\/es\/diferencia-entre-aclu-y-aclu-foundation\/","og_site_name":"ACLU of Colorado","og_image":[{"url":"https:\/\/www.aclu-co.org\/app\/themes\/aclu-parent\/img\/default_fb_share.jpg","type":"","width":"","height":""}],"twitter_card":"summary_large_image","schema":{"@context":"https:\/\/schema.org","@graph":[{"@type":"WebPage","@id":"http:\/\/www.aclu-co.org\/es\/diferencia-entre-aclu-y-aclu-foundation\/","url":"http:\/\/www.aclu-co.org\/es\/diferencia-entre-aclu-y-aclu-foundation\/","name":"DIFERENCIA ENTRE ACLU Y ACLU FOUNDATION - ACLU of Colorado","isPartOf":{"@id":"https:\/\/www.aclu-co.org\/#website"},"datePublished":"2014-01-29T03:16:12+00:00","inLanguage":"es-ES","potentialAction":[{"@type":"ReadAction","target":["http:\/\/www.aclu-co.org\/es\/diferencia-entre-aclu-y-aclu-foundation\/"]}]},{"@type":"WebSite","@id":"https:\/\/www.aclu-co.org\/#website","url":"https:\/\/www.aclu-co.org\/","name":"ACLU of Colorado","description":"","publisher":{"@id":"https:\/\/www.aclu-co.org\/#organization"},"potentialAction":[{"@type":"SearchAction","target":{"@type":"EntryPoint","urlTemplate":"https:\/\/www.aclu-co.org\/?s={search_term_string}"},"query-input":{"@type":"PropertyValueSpecification","valueRequired":true,"valueName":"search_term_string"}}],"inLanguage":"es-ES"},{"@type":"Organization","@id":"https:\/\/www.aclu-co.org\/#organization","name":"ACLU of Colorado","url":"https:\/\/www.aclu-co.org\/","logo":{"@type":"ImageObject","inLanguage":"es-ES","@id":"https:\/\/www.aclu-co.org\/#\/schema\/logo\/image\/","url":"https:\/\/www.aclu-co.org\/app\/uploads\/2025\/08\/ACLU_Colorado_Moblie-Web_Color_RGB.png","contentUrl":"https:\/\/www.aclu-co.org\/app\/uploads\/2025\/08\/ACLU_Colorado_Moblie-Web_Color_RGB.png","width":2084,"height":2084,"caption":"ACLU of Colorado"},"image":{"@id":"https:\/\/www.aclu-co.org\/#\/schema\/logo\/image\/"}}]}},"distributor_meta":false,"distributor_terms":false,"distributor_media":false,"distributor_original_site_name":"ACLU of Colorado","distributor_original_site_url":"https:\/\/www.aclu-co.org\/es\/","push-errors":false,"_links":{"self":[{"href":"https:\/\/www.aclu-co.org\/es\/wp-json\/wp\/v2\/pages\/2050","targetHints":{"allow":["GET"]}}],"collection":[{"href":"https:\/\/www.aclu-co.org\/es\/wp-json\/wp\/v2\/pages"}],"about":[{"href":"https:\/\/www.aclu-co.org\/es\/wp-json\/wp\/v2\/types\/page"}],"replies":[{"embeddable":true,"href":"https:\/\/www.aclu-co.org\/es\/wp-json\/wp\/v2\/comments?post=2050"}],"version-history":[{"count":0,"href":"https:\/\/www.aclu-co.org\/es\/wp-json\/wp\/v2\/pages\/2050\/revisions"}],"wp:attachment":[{"href":"https:\/\/www.aclu-co.org\/es\/wp-json\/wp\/v2\/media?parent=2050"}],"curies":[{"name":"wp","href":"https:\/\/api.w.org\/{rel}","templated":true}]}}