{"id":2104,"date":"2016-02-09T12:45:00","date_gmt":"2016-02-09T12:45:00","guid":{"rendered":"https:\/\/www.aclu-co.org\/volunteer\/"},"modified":"2016-02-09T12:45:00","modified_gmt":"2016-02-09T12:45:00","slug":"volunteer","status":"publish","type":"page","link":"https:\/\/www.aclu-co.org\/es\/volunteer\/","title":{"rendered":"VOLUNTARIO"},"content":{"rendered":"<p>S\u00famese a la lucha por los derechos civiles y libertades civiles en su comunidad local. Sea un activista de ACLU de Colorado.<\/p>\n<p><a class=\"cta-style-arrow\" href=\"https:\/\/action.aclu.org\/webform\/co-volunteer-with-us\">TRABAJE COMO VOLUNTARIA CON NOSOTROS<\/a><\/p>\n<p><strong><span>Para conocer oportunidades de voluntariado en nuestro Departamento Jur\u00eddico, <\/span><\/strong><span>por favor descargue<\/span>&nbsp;<a href=\"https:\/\/www.aclu-co.org\/app\/uploads\/2016\/02\/ACLU-Volunteer-Form-Legal.pdf\" rel=\"noopener noreferrer\" target=\"_blank\">el Formulario de Voluntario de ACLU \u2013 Legal<\/a>. Por favor, rellene el formulario y env\u00edelo por correo electr\u00f3nico a Nicole Loy, asistente jur\u00eddico, al correo electr\u00f3nico <a href=\"mailto:nloy@aclu-co.org\">nloy@aclu-co.org<\/a>.<\/p>\n<p>Existen muchas organizaciones en Colorado que tienen necesidades inmediatas de voluntarios. Contemple ofrecerse como voluntario en una o m\u00e1s de&nbsp;<a href=\"https:\/\/www.aclu-co.org\/partner-organizations\/\">nuestras organizaciones socias<\/a>.<\/p>\n<p><strong><span>Otras maneras de participar<\/span><\/strong>&nbsp;con ACLU de Colorado incorporan&nbsp;<a href=\"https:\/\/www.aclu.org\/secure\/join-aclu-colorado\" rel=\"noopener noreferrer\" target=\"_blank\">afiliarse<\/a>, <a href=\"https:\/\/action.aclu.org\/secure\/support-aclu-colorado\" rel=\"noopener noreferrer\" target=\"_blank\">realizar una donaci\u00f3n<\/a>, sumarse a nuestra <a href=\"https:\/\/action.aclu.org\/secure\/co-email-updates\" rel=\"noopener noreferrer\" target=\"_blank\">lista de correo electr\u00f3nico Take Action <\/a> (para llamados a la acci\u00f3n y alertas electr\u00f3nicas locales Y nacionales de ACLU) y&nbsp;<a href=\"https:\/\/www.aclu-co.org\/events\/\" rel=\"noopener noreferrer\" target=\"_blank\">acompa\u00f1arnos en actividades<\/a>.<\/p>\n<p>&nbsp;<\/p>\n","protected":false},"excerpt":{"rendered":"<p>S\u00famese a la lucha por los derechos civiles y libertades civiles en su comunidad local. Sea un activista de ACLU de Colorado. TRABAJE COMO VOLUNTARIA CON NOSOTROS Para conocer oportunidades de voluntariado en nuestro Departamento Jur\u00eddico, por favor descargue&nbsp;el Formulario de Voluntario de ACLU \u2013 Legal. Por favor, rellene el formulario y env\u00edelo por correo [&hellip;]<\/p>\n","protected":false},"author":0,"featured_media":0,"parent":0,"menu_order":0,"comment_status":"closed","ping_status":"closed","template":"","meta":{"_acf_changed":false,"_relevanssi_hide_post":"","_relevanssi_hide_content":"","_relevanssi_pin_for_all":"","_relevanssi_pin_keywords":"","_relevanssi_unpin_keywords":"","_relevanssi_related_keywords":"","_relevanssi_related_include_ids":"","_relevanssi_related_exclude_ids":"","_relevanssi_related_no_append":"","_relevanssi_related_not_related":"","_relevanssi_related_posts":"","_relevanssi_noindex_reason":"","footnotes":""},"class_list":["post-2104","page","type-page","status-publish","hentry"],"acf":{"layout":"default","header-group":{"header-description":"","show-subnav":false,"hide-from-subnav":false},"components":[{"acf_fc_layout":"text","text":{"text":"S\u00famese a la lucha por los derechos civiles y libertades civiles en su comunidad local. Sea un activista de ACLU de Colorado.\n\n<a class=\"cta-style-arrow\" href=\"https:\/\/action.aclu.org\/webform\/co-volunteer-with-us\">TRABAJE COMO VOLUNTARIA CON NOSOTROS<\/a>\n\n<strong>Para conocer oportunidades de voluntariado en nuestro Departamento Jur\u00eddico, <\/strong>por favor descargue <a href=\"https:\/\/www.aclu-co.org\/app\/uploads\/2016\/02\/ACLU-Volunteer-Form-Legal.pdf\" rel=\"noopener noreferrer\" target=\"_blank\">el Formulario de Voluntario de ACLU \u2013 Legal<\/a>. Por favor, rellene el formulario y env\u00edelo por correo electr\u00f3nico a Nicole Loy, asistente jur\u00eddico, al correo electr\u00f3nico <a href=\"mailto:nloy@aclu-co.org\">nloy@aclu-co.org<\/a>.\n\nExisten muchas organizaciones en Colorado que tienen necesidades inmediatas de voluntarios. Contemple ofrecerse como voluntario en una o m\u00e1s de <a href=\"https:\/\/www.aclu-co.org\/partner-organizations\/\">nuestras organizaciones socias<\/a>.\n\n<strong>Otras maneras de participar<\/strong> con ACLU de Colorado incorporan <a href=\"https:\/\/www.aclu.org\/secure\/join-aclu-colorado\" rel=\"noopener noreferrer\" target=\"_blank\">afiliarse<\/a>, <a href=\"https:\/\/action.aclu.org\/secure\/support-aclu-colorado\" rel=\"noopener noreferrer\" target=\"_blank\">realizar una donaci\u00f3n<\/a>, sumarse a nuestra <a href=\"https:\/\/action.aclu.org\/secure\/co-email-updates\" rel=\"noopener noreferrer\" target=\"_blank\">lista de correo electr\u00f3nico Take Action <\/a> (para llamados a la acci\u00f3n y alertas electr\u00f3nicas locales Y nacionales de ACLU) y <a href=\"https:\/\/www.aclu-co.org\/events\/\" rel=\"noopener noreferrer\" target=\"_blank\">acompa\u00f1arnos en actividades<\/a>.\n\n "}}],"section":null,"issues":null,"related_content":[],"documents":null},"yoast_head":"<!-- This site is optimized with the Yoast SEO plugin v24.9 - https:\/\/yoast.com\/wordpress\/plugins\/seo\/ -->\n<title>VOLUNTARIO - ACLU of Colorado<\/title>\n<meta name=\"robots\" content=\"index, follow, max-snippet:-1, max-image-preview:large, max-video-preview:-1\" \/>\n<link rel=\"canonical\" href=\"https:\/\/www.aclu-co.org\/es\/volunteer\/\" \/>\n<meta property=\"og:locale\" content=\"es_ES\" \/>\n<meta property=\"og:type\" content=\"article\" \/>\n<meta property=\"og:title\" content=\"VOLUNTARIO - ACLU of Colorado\" \/>\n<meta property=\"og:description\" content=\"S\u00famese a la lucha por los derechos civiles y libertades civiles en su comunidad local. Sea un activista de ACLU de Colorado. TRABAJE COMO VOLUNTARIA CON NOSOTROS Para conocer oportunidades de voluntariado en nuestro Departamento Jur\u00eddico, por favor descargue&nbsp;el Formulario de Voluntario de ACLU \u2013 Legal. Por favor, rellene el formulario y env\u00edelo por correo [&hellip;]\" \/>\n<meta property=\"og:url\" content=\"https:\/\/www.aclu-co.org\/es\/volunteer\/\" \/>\n<meta property=\"og:site_name\" content=\"ACLU of Colorado\" \/>\n<meta property=\"og:image\" content=\"https:\/\/www.aclu-co.org\/app\/themes\/aclu-parent\/img\/default_fb_share.jpg\" \/>\n<meta name=\"twitter:card\" content=\"summary_large_image\" \/>\n<script type=\"application\/ld+json\" class=\"yoast-schema-graph\">{\"@context\":\"https:\/\/schema.org\",\"@graph\":[{\"@type\":\"WebPage\",\"@id\":\"https:\/\/www.aclu-co.org\/es\/volunteer\/\",\"url\":\"https:\/\/www.aclu-co.org\/es\/volunteer\/\",\"name\":\"VOLUNTARIO - ACLU of Colorado\",\"isPartOf\":{\"@id\":\"https:\/\/www.aclu-co.org\/#website\"},\"datePublished\":\"2016-02-09T12:45:00+00:00\",\"inLanguage\":\"es-ES\",\"potentialAction\":[{\"@type\":\"ReadAction\",\"target\":[\"https:\/\/www.aclu-co.org\/es\/volunteer\/\"]}]},{\"@type\":\"WebSite\",\"@id\":\"https:\/\/www.aclu-co.org\/#website\",\"url\":\"https:\/\/www.aclu-co.org\/\",\"name\":\"ACLU of Colorado\",\"description\":\"\",\"publisher\":{\"@id\":\"https:\/\/www.aclu-co.org\/#organization\"},\"potentialAction\":[{\"@type\":\"SearchAction\",\"target\":{\"@type\":\"EntryPoint\",\"urlTemplate\":\"https:\/\/www.aclu-co.org\/?s={search_term_string}\"},\"query-input\":{\"@type\":\"PropertyValueSpecification\",\"valueRequired\":true,\"valueName\":\"search_term_string\"}}],\"inLanguage\":\"es-ES\"},{\"@type\":\"Organization\",\"@id\":\"https:\/\/www.aclu-co.org\/#organization\",\"name\":\"ACLU of Colorado\",\"url\":\"https:\/\/www.aclu-co.org\/\",\"logo\":{\"@type\":\"ImageObject\",\"inLanguage\":\"es-ES\",\"@id\":\"https:\/\/www.aclu-co.org\/#\/schema\/logo\/image\/\",\"url\":\"https:\/\/www.aclu-co.org\/app\/uploads\/2025\/08\/ACLU_Colorado_Moblie-Web_Color_RGB.png\",\"contentUrl\":\"https:\/\/www.aclu-co.org\/app\/uploads\/2025\/08\/ACLU_Colorado_Moblie-Web_Color_RGB.png\",\"width\":2084,\"height\":2084,\"caption\":\"ACLU of Colorado\"},\"image\":{\"@id\":\"https:\/\/www.aclu-co.org\/#\/schema\/logo\/image\/\"}}]}<\/script>\n<!-- \/ Yoast SEO plugin. -->","yoast_head_json":{"title":"VOLUNTARIO - ACLU of Colorado","robots":{"index":"index","follow":"follow","max-snippet":"max-snippet:-1","max-image-preview":"max-image-preview:large","max-video-preview":"max-video-preview:-1"},"canonical":"https:\/\/www.aclu-co.org\/es\/volunteer\/","og_locale":"es_ES","og_type":"article","og_title":"VOLUNTARIO - ACLU of Colorado","og_description":"S\u00famese a la lucha por los derechos civiles y libertades civiles en su comunidad local. Sea un activista de ACLU de Colorado. TRABAJE COMO VOLUNTARIA CON NOSOTROS Para conocer oportunidades de voluntariado en nuestro Departamento Jur\u00eddico, por favor descargue&nbsp;el Formulario de Voluntario de ACLU \u2013 Legal. Por favor, rellene el formulario y env\u00edelo por correo [&hellip;]","og_url":"https:\/\/www.aclu-co.org\/es\/volunteer\/","og_site_name":"ACLU of Colorado","og_image":[{"url":"https:\/\/www.aclu-co.org\/app\/themes\/aclu-parent\/img\/default_fb_share.jpg","type":"","width":"","height":""}],"twitter_card":"summary_large_image","schema":{"@context":"https:\/\/schema.org","@graph":[{"@type":"WebPage","@id":"https:\/\/www.aclu-co.org\/es\/volunteer\/","url":"https:\/\/www.aclu-co.org\/es\/volunteer\/","name":"VOLUNTARIO - ACLU of Colorado","isPartOf":{"@id":"https:\/\/www.aclu-co.org\/#website"},"datePublished":"2016-02-09T12:45:00+00:00","inLanguage":"es-ES","potentialAction":[{"@type":"ReadAction","target":["https:\/\/www.aclu-co.org\/es\/volunteer\/"]}]},{"@type":"WebSite","@id":"https:\/\/www.aclu-co.org\/#website","url":"https:\/\/www.aclu-co.org\/","name":"ACLU of Colorado","description":"","publisher":{"@id":"https:\/\/www.aclu-co.org\/#organization"},"potentialAction":[{"@type":"SearchAction","target":{"@type":"EntryPoint","urlTemplate":"https:\/\/www.aclu-co.org\/?s={search_term_string}"},"query-input":{"@type":"PropertyValueSpecification","valueRequired":true,"valueName":"search_term_string"}}],"inLanguage":"es-ES"},{"@type":"Organization","@id":"https:\/\/www.aclu-co.org\/#organization","name":"ACLU of Colorado","url":"https:\/\/www.aclu-co.org\/","logo":{"@type":"ImageObject","inLanguage":"es-ES","@id":"https:\/\/www.aclu-co.org\/#\/schema\/logo\/image\/","url":"https:\/\/www.aclu-co.org\/app\/uploads\/2025\/08\/ACLU_Colorado_Moblie-Web_Color_RGB.png","contentUrl":"https:\/\/www.aclu-co.org\/app\/uploads\/2025\/08\/ACLU_Colorado_Moblie-Web_Color_RGB.png","width":2084,"height":2084,"caption":"ACLU of Colorado"},"image":{"@id":"https:\/\/www.aclu-co.org\/#\/schema\/logo\/image\/"}}]}},"distributor_meta":false,"distributor_terms":false,"distributor_media":false,"distributor_original_site_name":"ACLU of Colorado","distributor_original_site_url":"https:\/\/www.aclu-co.org\/es\/","push-errors":false,"_links":{"self":[{"href":"https:\/\/www.aclu-co.org\/es\/wp-json\/wp\/v2\/pages\/2104","targetHints":{"allow":["GET"]}}],"collection":[{"href":"https:\/\/www.aclu-co.org\/es\/wp-json\/wp\/v2\/pages"}],"about":[{"href":"https:\/\/www.aclu-co.org\/es\/wp-json\/wp\/v2\/types\/page"}],"replies":[{"embeddable":true,"href":"https:\/\/www.aclu-co.org\/es\/wp-json\/wp\/v2\/comments?post=2104"}],"version-history":[{"count":0,"href":"https:\/\/www.aclu-co.org\/es\/wp-json\/wp\/v2\/pages\/2104\/revisions"}],"wp:attachment":[{"href":"https:\/\/www.aclu-co.org\/es\/wp-json\/wp\/v2\/media?parent=2104"}],"curies":[{"name":"wp","href":"https:\/\/api.w.org\/{rel}","templated":true}]}}