{"id":2146,"date":"2019-10-09T20:15:00","date_gmt":"2019-10-10T02:15:00","guid":{"rendered":"https:\/\/www.aclu-co.org\/solicite-un-orador\/"},"modified":"2019-10-09T20:15:00","modified_gmt":"2019-10-09T20:15:00","slug":"solicite-un-orador","status":"publish","type":"page","link":"https:\/\/www.aclu-co.org\/es\/solicite-un-orador\/","title":{"rendered":"Solicite un orador"},"content":{"rendered":"<div class=\"field field-name-body field-type-text-with-summary field-label-hidden\">\n<div class=\"field-items\">\n<div class=\"field-item even\">\n<p style=\"margin-bottom:11px\"><span style=\"font-size:11pt\"><span style=\"line-height:107%\"><span style=\"font-family:Calibri,sans-serif\"><span lang=\"ES-TRAD\" style=\"color:black\">Utilice uno de los formularios siguientes para solicitar un orador.<\/span><\/span><\/span><\/span><\/p>\n<p style=\"margin-bottom:11px\"><span style=\"font-size:11pt\"><span style=\"line-height:107%\"><span style=\"font-family:Calibri,sans-serif\"><span lang=\"ES-TRAD\" style=\"color:black\">Rellenar un formulario con tantos detalles como sea posible nos ayudar\u00e1 a determinar el representante m\u00e1s adecuado para enviar, en funci\u00f3n del contenido y la disponibilidad. <\/span><\/span><\/span><\/span><\/p>\n<p style=\"margin-bottom:11px\"><span style=\"font-size:11pt\"><span style=\"line-height:107%\"><span style=\"font-family:Calibri,sans-serif\"><span lang=\"ES-TRAD\" style=\"color:black\">Para programar un evento, es necesario avisar con cuatro semanas de anticipaci\u00f3n y contar con un m\u00ednimo de 15 participantes. Para eventos m\u00e1s peque\u00f1os y fiestas en casa, podemos enviarle folletos y materiales de la ACLU para que los comparta. Los dem\u00e1s eventos se estudiar\u00e1n caso por caso. Tenga en cuenta que no podemos garantizar un orador para cada evento, pero haremos todo lo posible.<\/span><\/span><\/span><\/span><\/p>\n<\/div>\n<div class=\"field-item even\">\n<hr>\n<p><a class=\"cta-style-arrow\" href=\"https:\/\/action.aclu.org\/webform\/CO-request-speaker-kyr-presentation\">Solicite un orador para una presentaci\u00f3n de KYR<\/a><\/p>\n<\/div>\n<div class=\"field-item even\">&nbsp;<\/div>\n<div class=\"field-item even\"><span style=\"font-size:11pt\"><span style=\"line-height:107%\"><span style=\"font-family:Calibri,sans-serif\"><strong>Una nota sobre las presentaciones Conozca sus Derechos (KYR):<\/strong> Proporcionamos un plan de estudios desarrollado por la ACLU de Colorado para ayudar a las personas a obtener una comprensi\u00f3n pr\u00e1ctica de sus derechos bajo las leyes de Colorado y de EE.UU., y para animarles a identificar c\u00f3mo esos derechos podr\u00edan aplicarse a ellos. Las presentaciones son ofrecidas por personal de la ACLU de Colorado. Las presentaciones de \"Conozca sus derechos\" suelen durar una hora para poder abarcar toda la informaci\u00f3n<\/span><\/span><\/span><\/div>\n<div class=\"field-item even\">\n<hr>\n<p><a class=\"cta-style-arrow\" href=\"https:\/\/action.aclu.org\/webform\/request-speaker-panel-or-keynote-address\">Solicite un conferenciante para un panel o un discurso de apertura<\/a><\/p>\n<\/div>\n<\/div>\n<\/div>\n","protected":false},"excerpt":{"rendered":"<p>Utilice uno de los formularios siguientes para solicitar un orador. Rellenar un formulario con tantos detalles como sea posible nos ayudar\u00e1 a determinar el representante m\u00e1s adecuado para enviar, en funci\u00f3n del contenido y la disponibilidad. Para programar un evento, es necesario avisar con cuatro semanas de anticipaci\u00f3n y contar con un m\u00ednimo de 15 [&hellip;]<\/p>\n","protected":false},"author":0,"featured_media":0,"parent":0,"menu_order":0,"comment_status":"closed","ping_status":"closed","template":"","meta":{"_acf_changed":false,"_relevanssi_hide_post":"","_relevanssi_hide_content":"","_relevanssi_pin_for_all":"","_relevanssi_pin_keywords":"","_relevanssi_unpin_keywords":"","_relevanssi_related_keywords":"","_relevanssi_related_include_ids":"","_relevanssi_related_exclude_ids":"","_relevanssi_related_no_append":"","_relevanssi_related_not_related":"","_relevanssi_related_posts":"","_relevanssi_noindex_reason":"","footnotes":""},"class_list":["post-2146","page","type-page","status-publish","hentry"],"acf":{"layout":"default","header-group":{"header-description":"","show-subnav":false,"hide-from-subnav":false},"components":[{"acf_fc_layout":"text","text":{"text":""}},{"acf_fc_layout":"heading","heading":{"":null,"text":"","anchor":"","sub-heading":"","type":"h2","heading-style":"standard"}},{"acf_fc_layout":"buttons","buttons":{"primary":{"text":"","link":""},"secondary":{"text":"","link":""}}},{"acf_fc_layout":"text","text":{"text":""}}],"section":null,"issues":"","related_content":"","documents":null},"yoast_head":"<!-- This site is optimized with the Yoast SEO plugin v24.9 - https:\/\/yoast.com\/wordpress\/plugins\/seo\/ -->\n<title>Solicite un orador - ACLU of Colorado<\/title>\n<meta name=\"robots\" content=\"index, follow, max-snippet:-1, max-image-preview:large, max-video-preview:-1\" \/>\n<link rel=\"canonical\" href=\"http:\/\/www.aclu-co.org\/es\/solicite-un-orador\/\" \/>\n<meta property=\"og:locale\" content=\"es_ES\" \/>\n<meta property=\"og:type\" content=\"article\" \/>\n<meta property=\"og:title\" content=\"Solicite un orador - ACLU of Colorado\" \/>\n<meta property=\"og:description\" content=\"Utilice uno de los formularios siguientes para solicitar un orador. Rellenar un formulario con tantos detalles como sea posible nos ayudar\u00e1 a determinar el representante m\u00e1s adecuado para enviar, en funci\u00f3n del contenido y la disponibilidad. Para programar un evento, es necesario avisar con cuatro semanas de anticipaci\u00f3n y contar con un m\u00ednimo de 15 [&hellip;]\" \/>\n<meta property=\"og:url\" content=\"https:\/\/www.aclu-co.org\/es\/solicite-un-orador\/\" \/>\n<meta property=\"og:site_name\" content=\"ACLU of Colorado\" \/>\n<meta property=\"og:image\" content=\"https:\/\/www.aclu-co.org\/app\/themes\/aclu-parent\/img\/default_fb_share.jpg\" \/>\n<meta name=\"twitter:card\" content=\"summary_large_image\" \/>\n<script type=\"application\/ld+json\" class=\"yoast-schema-graph\">{\"@context\":\"https:\/\/schema.org\",\"@graph\":[{\"@type\":\"WebPage\",\"@id\":\"http:\/\/www.aclu-co.org\/es\/solicite-un-orador\/\",\"url\":\"http:\/\/www.aclu-co.org\/es\/solicite-un-orador\/\",\"name\":\"Solicite un orador - ACLU of Colorado\",\"isPartOf\":{\"@id\":\"https:\/\/www.aclu-co.org\/#website\"},\"datePublished\":\"2019-10-10T02:15:00+00:00\",\"inLanguage\":\"es-ES\",\"potentialAction\":[{\"@type\":\"ReadAction\",\"target\":[\"http:\/\/www.aclu-co.org\/es\/solicite-un-orador\/\"]}]},{\"@type\":\"WebSite\",\"@id\":\"https:\/\/www.aclu-co.org\/#website\",\"url\":\"https:\/\/www.aclu-co.org\/\",\"name\":\"ACLU of Colorado\",\"description\":\"\",\"publisher\":{\"@id\":\"https:\/\/www.aclu-co.org\/#organization\"},\"potentialAction\":[{\"@type\":\"SearchAction\",\"target\":{\"@type\":\"EntryPoint\",\"urlTemplate\":\"https:\/\/www.aclu-co.org\/?s={search_term_string}\"},\"query-input\":{\"@type\":\"PropertyValueSpecification\",\"valueRequired\":true,\"valueName\":\"search_term_string\"}}],\"inLanguage\":\"es-ES\"},{\"@type\":\"Organization\",\"@id\":\"https:\/\/www.aclu-co.org\/#organization\",\"name\":\"ACLU of Colorado\",\"url\":\"https:\/\/www.aclu-co.org\/\",\"logo\":{\"@type\":\"ImageObject\",\"inLanguage\":\"es-ES\",\"@id\":\"https:\/\/www.aclu-co.org\/#\/schema\/logo\/image\/\",\"url\":\"https:\/\/www.aclu-co.org\/app\/uploads\/2025\/08\/ACLU_Colorado_Moblie-Web_Color_RGB.png\",\"contentUrl\":\"https:\/\/www.aclu-co.org\/app\/uploads\/2025\/08\/ACLU_Colorado_Moblie-Web_Color_RGB.png\",\"width\":2084,\"height\":2084,\"caption\":\"ACLU of Colorado\"},\"image\":{\"@id\":\"https:\/\/www.aclu-co.org\/#\/schema\/logo\/image\/\"}}]}<\/script>\n<!-- \/ Yoast SEO plugin. -->","yoast_head_json":{"title":"Solicite un orador - ACLU of Colorado","robots":{"index":"index","follow":"follow","max-snippet":"max-snippet:-1","max-image-preview":"max-image-preview:large","max-video-preview":"max-video-preview:-1"},"canonical":"http:\/\/www.aclu-co.org\/es\/solicite-un-orador\/","og_locale":"es_ES","og_type":"article","og_title":"Solicite un orador - ACLU of Colorado","og_description":"Utilice uno de los formularios siguientes para solicitar un orador. Rellenar un formulario con tantos detalles como sea posible nos ayudar\u00e1 a determinar el representante m\u00e1s adecuado para enviar, en funci\u00f3n del contenido y la disponibilidad. Para programar un evento, es necesario avisar con cuatro semanas de anticipaci\u00f3n y contar con un m\u00ednimo de 15 [&hellip;]","og_url":"https:\/\/www.aclu-co.org\/es\/solicite-un-orador\/","og_site_name":"ACLU of Colorado","og_image":[{"url":"https:\/\/www.aclu-co.org\/app\/themes\/aclu-parent\/img\/default_fb_share.jpg","type":"","width":"","height":""}],"twitter_card":"summary_large_image","schema":{"@context":"https:\/\/schema.org","@graph":[{"@type":"WebPage","@id":"http:\/\/www.aclu-co.org\/es\/solicite-un-orador\/","url":"http:\/\/www.aclu-co.org\/es\/solicite-un-orador\/","name":"Solicite un orador - ACLU of Colorado","isPartOf":{"@id":"https:\/\/www.aclu-co.org\/#website"},"datePublished":"2019-10-10T02:15:00+00:00","inLanguage":"es-ES","potentialAction":[{"@type":"ReadAction","target":["http:\/\/www.aclu-co.org\/es\/solicite-un-orador\/"]}]},{"@type":"WebSite","@id":"https:\/\/www.aclu-co.org\/#website","url":"https:\/\/www.aclu-co.org\/","name":"ACLU of Colorado","description":"","publisher":{"@id":"https:\/\/www.aclu-co.org\/#organization"},"potentialAction":[{"@type":"SearchAction","target":{"@type":"EntryPoint","urlTemplate":"https:\/\/www.aclu-co.org\/?s={search_term_string}"},"query-input":{"@type":"PropertyValueSpecification","valueRequired":true,"valueName":"search_term_string"}}],"inLanguage":"es-ES"},{"@type":"Organization","@id":"https:\/\/www.aclu-co.org\/#organization","name":"ACLU of Colorado","url":"https:\/\/www.aclu-co.org\/","logo":{"@type":"ImageObject","inLanguage":"es-ES","@id":"https:\/\/www.aclu-co.org\/#\/schema\/logo\/image\/","url":"https:\/\/www.aclu-co.org\/app\/uploads\/2025\/08\/ACLU_Colorado_Moblie-Web_Color_RGB.png","contentUrl":"https:\/\/www.aclu-co.org\/app\/uploads\/2025\/08\/ACLU_Colorado_Moblie-Web_Color_RGB.png","width":2084,"height":2084,"caption":"ACLU of Colorado"},"image":{"@id":"https:\/\/www.aclu-co.org\/#\/schema\/logo\/image\/"}}]}},"distributor_meta":false,"distributor_terms":false,"distributor_media":false,"distributor_original_site_name":"ACLU of Colorado","distributor_original_site_url":"https:\/\/www.aclu-co.org\/es\/","push-errors":false,"_links":{"self":[{"href":"https:\/\/www.aclu-co.org\/es\/wp-json\/wp\/v2\/pages\/2146","targetHints":{"allow":["GET"]}}],"collection":[{"href":"https:\/\/www.aclu-co.org\/es\/wp-json\/wp\/v2\/pages"}],"about":[{"href":"https:\/\/www.aclu-co.org\/es\/wp-json\/wp\/v2\/types\/page"}],"replies":[{"embeddable":true,"href":"https:\/\/www.aclu-co.org\/es\/wp-json\/wp\/v2\/comments?post=2146"}],"version-history":[{"count":0,"href":"https:\/\/www.aclu-co.org\/es\/wp-json\/wp\/v2\/pages\/2146\/revisions"}],"wp:attachment":[{"href":"https:\/\/www.aclu-co.org\/es\/wp-json\/wp\/v2\/media?parent=2146"}],"curies":[{"name":"wp","href":"https:\/\/api.w.org\/{rel}","templated":true}]}}