{"id":2446,"date":"2023-06-06T16:30:00","date_gmt":"2023-06-06T22:30:00","guid":{"rendered":"https:\/\/www.aclu-co.org\/peak-educacion-publica-activismo-y-conozca-sus-derechos\/"},"modified":"2023-06-06T16:30:00","modified_gmt":"2023-06-06T16:30:00","slug":"peak-educacion-publica-activismo-y-conozca-sus-derechos","status":"publish","type":"page","link":"https:\/\/www.aclu-co.org\/es\/peak-educacion-publica-activismo-y-conozca-sus-derechos\/","title":{"rendered":"PEAK: Educaci\u00f3n P\u00fablica, Activismo y Conozca sus Derechos"},"content":{"rendered":"<p><span><span><span><span lang=\"ES-TRAD\">Imaginemos un mundo donde el conocimiento se convierte en poder, donde cada joven posee una comprensi\u00f3n inquebrantable de sus derechos y libertades. La ACLU de Colorado se complace en anunciar el programa PEAK: Educaci\u00f3n P\u00fablica, Activismo y Conozca sus Derechos.<\/span><\/span><\/span><\/span><\/p>\n<p><span lang=\"ES-TRAD\"><span><span><span>Con nuestro nuevo y revolucionario marco estrat\u00e9gico, <\/span><\/span><\/span><\/span><em><a href=\"https:\/\/www.aclu-co.org\/publications\/road-ahead-2023-2026-strategic-framework\/\" target=\"_blank\">The Road Ahead<\/a><\/em>,&nbsp;<span lang=\"ES-TRAD\"><span><span><span>hemos ido m\u00e1s all\u00e1 y hemos revolucionado por completo nuestros programas de formaci\u00f3n Conozca sus Derechos y Bur\u00f3 de Oradores. Hemos vertido nuestra pasi\u00f3n y experiencia en el desarrollo de un programa totalmente nuevo que aborda los temas que m\u00e1s importan a nuestra comunidad. <\/span><\/span><\/span><\/span><\/p>\n<p><span><span><span><span lang=\"ES-TRAD\">PEAK se basa en una tradici\u00f3n de d\u00e9cadas de la ACLU de Colorado de proporcionar educaci\u00f3n c\u00edvica y de compromiso c\u00edvico bien documentada y no partidista en todo Colorado. PEAK ampliar\u00e1 significativamente esos esfuerzos pasados a trav\u00e9s de tres estrategias superpuestas diferentes:<\/span><\/span><\/span><\/span><\/p>\n<ul>\n<li><span><span><span><b><span lang=\"ES-TRAD\">Desarrollo del Liderazgo Juvenil:<\/span><\/b><span lang=\"ES-TRAD\">&nbsp; A partir de este oto\u00f1o, la ACLU se asociar\u00e1 con escuelas locales y organizaciones profesionales para lanzar un instituto de defensa y desarrollo de liderazgo de varias semanas, dando a los j\u00f3venes, de 14 a 18 a\u00f1os, y a los j\u00f3venes profesionales, de 19 a 25 a\u00f1os, las herramientas que necesitan para luchar por los derechos civiles y las libertades civiles, tales como la forma de manejar los encuentros con la polic\u00eda, cu\u00e1les son sus derechos como estudiantes y qu\u00e9 derechos tienen como miembros de la comunidad LGBTQ +. El enfoque y los planes de estudio del programa integran la informaci\u00f3n que la ACLU recopil\u00f3 de m\u00faltiples grupos de discusi\u00f3n con j\u00f3venes en la primavera de 2023.<\/span><\/span><\/span><\/span><\/li>\n<li><b><span lang=\"ES-TRAD\"><span><span><span>Conozca sus derechos: <\/span><\/span><\/span><\/span><\/b><span lang=\"ES-TRAD\"><span><span><span>&nbsp;La ACLU ofrecer\u00e1 cursos de formaci\u00f3n ampliados sobre \"Conozca sus derechos\", a petici\u00f3n del p\u00fablico de todas las edades y centrados en la educaci\u00f3n c\u00edvica y el voto, los derechos de los estudiantes, el acceso a la vivienda, los derechos de las personas LGBTQ+ y los derechos reproductivos.<\/span><\/span><\/span><\/span><\/li>\n<li><span><span><span><b><span lang=\"ES-TRAD\">Bur\u00f3 de Oradores: <\/span><\/b><span lang=\"ES-TRAD\">Expertos del ejecutivo de ACLU de Colorado, pol\u00edtica, promoci\u00f3n, organizaci\u00f3n y jur\u00eddicos estar\u00e1n disponibles bajo petici\u00f3n para hablar a los j\u00f3venes y grupos de la comunidad sobre los temas emergentes y los acontecimientos que afectan a los derechos civiles y las libertades, tales como actualizaciones sobre nuestras \u00faltimas campa\u00f1as, nuestras recientes presentaciones informe amicus curiae o un informe sobre nuestra \u00faltima sesi\u00f3n legislativa.<\/span><\/span><\/span><\/span><\/li>\n<\/ul>\n<p><span lang=\"ES-TRAD\"><span><span><span>El programa PEAK dar\u00e1 prioridad a las solicitudes procedentes de las siguientes comunidades: Aurora, Durango, el condado de Adams y el condado de El Paso, seg\u00fan se desprende de nuestra reciente gira de escucha&nbsp;<\/span><\/span><\/span><\/span><a href=\"https:\/\/www.aclu-co.org\/publications\/etfj-report\/\" target=\"_blank\">\"Ampliando la mesa por la Justicia\"<\/a> <span lang=\"ES-TRAD\"><span><span><span>de un a\u00f1o de duraci\u00f3n y de \u00e1mbito estatal.<\/span><\/span><\/span><\/span><\/p>\n<p><span><span><span><span lang=\"ES-TRAD\">Las investigaciones demuestran que es m\u00e1s probable que la gente valore el civismo cuando esos principios no son s\u00f3lo te\u00f3ricos, sino que se ponen en pr\u00e1ctica. Con este fin, todos los participantes en PEAK tendr\u00e1n tambi\u00e9n la oportunidad de comprometerse m\u00e1s a fondo con la ACLU de Colorado en la lucha por los derechos civiles que afectan a sus familias y comunidades.<\/span><\/span><\/span><\/span><\/p>\n<p><span><span><span><span lang=\"ES-TRAD\">Nuestro programa PEAK est\u00e1 recibiendo solicitudes para la formaci\u00f3n \"Conozca sus Derechos\" y nuestro Bur\u00f3 de Oradores. Para enviar una solicitud, visite nuestro sitio web en <\/span><a href=\"https:\/\/www.aclu-co.org\/es\/en-la-comunidad\/\">https:\/\/www.aclu-co.org\/en\/our-work\/community<\/a><\/span><\/span><\/span><\/p>\n<h3>PEAK Resources and Information&nbsp;<\/h3>\n<ul>\n<li><a href=\"https:\/\/www.aclu-co.org\/es\/solicite-un-orador\/\" target=\"_blank\">Solicitar un Orador<\/a><\/li>\n<li><a href=\"https:\/\/www.aclu-co.org\/es\/conozca-sus-derechos\/\" target=\"_blank\">Conozca sus Derechos en Colorado<\/a><\/li>\n<li><a href=\"https:\/\/www.aclu-co.org\/act\/\" target=\"_blank\">Tome Acci\u00f3n<\/a><\/li>\n<\/ul>\n","protected":false},"excerpt":{"rendered":"<p>Imaginemos un mundo donde el conocimiento se convierte en poder, donde cada joven posee una comprensi\u00f3n inquebrantable de sus derechos y libertades. La ACLU de Colorado se complace en anunciar el programa PEAK: Educaci\u00f3n P\u00fablica, Activismo y Conozca sus Derechos. Con nuestro nuevo y revolucionario marco estrat\u00e9gico, The Road Ahead,&nbsp;hemos ido m\u00e1s all\u00e1 y hemos [&hellip;]<\/p>\n","protected":false},"author":6,"featured_media":0,"parent":0,"menu_order":0,"comment_status":"closed","ping_status":"closed","template":"","meta":{"_acf_changed":false,"_relevanssi_hide_post":"","_relevanssi_hide_content":"","_relevanssi_pin_for_all":"","_relevanssi_pin_keywords":"","_relevanssi_unpin_keywords":"","_relevanssi_related_keywords":"","_relevanssi_related_include_ids":"","_relevanssi_related_exclude_ids":"","_relevanssi_related_no_append":"","_relevanssi_related_not_related":"","_relevanssi_related_posts":"","_relevanssi_noindex_reason":"","footnotes":""},"class_list":["post-2446","page","type-page","status-publish","hentry"],"acf":{"layout":"default","header-group":{"header-description":"","show-subnav":false,"hide-from-subnav":false},"components":[{"acf_fc_layout":"text","text":{"text":"Imaginemos un mundo donde el conocimiento se convierte en poder, donde cada joven posee una comprensi\u00f3n inquebrantable de sus derechos y libertades. La ACLU de Colorado se complace en anunciar el programa PEAK: Educaci\u00f3n P\u00fablica, Activismo y Conozca sus Derechos.\n\nCon nuestro nuevo y revolucionario marco estrat\u00e9gico, <em><a href=\"https:\/\/www.aclu-co.org\/publications\/road-ahead-2023-2026-strategic-framework\/\" target=\"_blank\">The Road Ahead<\/a><\/em>, hemos ido m\u00e1s all\u00e1 y hemos revolucionado por completo nuestros programas de formaci\u00f3n Conozca sus Derechos y Bur\u00f3 de Oradores. Hemos vertido nuestra pasi\u00f3n y experiencia en el desarrollo de un programa totalmente nuevo que aborda los temas que m\u00e1s importan a nuestra comunidad. \n\nPEAK se basa en una tradici\u00f3n de d\u00e9cadas de la ACLU de Colorado de proporcionar educaci\u00f3n c\u00edvica y de compromiso c\u00edvico bien documentada y no partidista en todo Colorado. PEAK ampliar\u00e1 significativamente esos esfuerzos pasados a trav\u00e9s de tres estrategias superpuestas diferentes:\n\n<ul><li><b>Desarrollo del Liderazgo Juvenil:<\/b>  A partir de este oto\u00f1o, la ACLU se asociar\u00e1 con escuelas locales y organizaciones profesionales para lanzar un instituto de defensa y desarrollo de liderazgo de varias semanas, dando a los j\u00f3venes, de 14 a 18 a\u00f1os, y a los j\u00f3venes profesionales, de 19 a 25 a\u00f1os, las herramientas que necesitan para luchar por los derechos civiles y las libertades civiles, tales como la forma de manejar los encuentros con la polic\u00eda, cu\u00e1les son sus derechos como estudiantes y qu\u00e9 derechos tienen como miembros de la comunidad LGBTQ +. El enfoque y los planes de estudio del programa integran la informaci\u00f3n que la ACLU recopil\u00f3 de m\u00faltiples grupos de discusi\u00f3n con j\u00f3venes en la primavera de 2023.<\/li><li><b>Conozca sus derechos: <\/b> La ACLU ofrecer\u00e1 cursos de formaci\u00f3n ampliados sobre \"Conozca sus derechos\", a petici\u00f3n del p\u00fablico de todas las edades y centrados en la educaci\u00f3n c\u00edvica y el voto, los derechos de los estudiantes, el acceso a la vivienda, los derechos de las personas LGBTQ+ y los derechos reproductivos.<\/li><li><b>Bur\u00f3 de Oradores: <\/b>Expertos del ejecutivo de ACLU de Colorado, pol\u00edtica, promoci\u00f3n, organizaci\u00f3n y jur\u00eddicos estar\u00e1n disponibles bajo petici\u00f3n para hablar a los j\u00f3venes y grupos de la comunidad sobre los temas emergentes y los acontecimientos que afectan a los derechos civiles y las libertades, tales como actualizaciones sobre nuestras \u00faltimas campa\u00f1as, nuestras recientes presentaciones informe amicus curiae o un informe sobre nuestra \u00faltima sesi\u00f3n legislativa.<\/li><\/ul>\n\nEl programa PEAK dar\u00e1 prioridad a las solicitudes procedentes de las siguientes comunidades: Aurora, Durango, el condado de Adams y el condado de El Paso, seg\u00fan se desprende de nuestra reciente gira de escucha <a href=\"https:\/\/www.aclu-co.org\/publications\/etfj-report\/\" target=\"_blank\">\"Ampliando la mesa por la Justicia\"<\/a> de un a\u00f1o de duraci\u00f3n y de \u00e1mbito estatal.\n\nLas investigaciones demuestran que es m\u00e1s probable que la gente valore el civismo cuando esos principios no son s\u00f3lo te\u00f3ricos, sino que se ponen en pr\u00e1ctica. Con este fin, todos los participantes en PEAK tendr\u00e1n tambi\u00e9n la oportunidad de comprometerse m\u00e1s a fondo con la ACLU de Colorado en la lucha por los derechos civiles que afectan a sus familias y comunidades.\n\nNuestro programa PEAK est\u00e1 recibiendo solicitudes para la formaci\u00f3n \"Conozca sus Derechos\" y nuestro Bur\u00f3 de Oradores. Para enviar una solicitud, visite nuestro sitio web en <a href=\"https:\/\/www.aclu-co.org\/es\/en-la-comunidad\/\">https:\/\/www.aclu-co.org\/en\/our-work\/community<\/a>"}},{"acf_fc_layout":"heading","heading":{"":null,"text":"PEAK Resources and Information\u00a0","anchor":"","sub-heading":"","type":"h3","heading-style":"standard"}},{"acf_fc_layout":"text","text":{"text":"<ul><li><a href=\"https:\/\/www.aclu-co.org\/es\/solicite-un-orador\/\" target=\"_blank\">Solicitar un Orador<\/a><\/li><li><a href=\"https:\/\/www.aclu-co.org\/es\/conozca-sus-derechos\/\" target=\"_blank\">Conozca sus Derechos en Colorado<\/a><\/li><li><a href=\"https:\/\/www.aclu-co.org\/?page_id=6233\" target=\"_blank\">Tome Acci\u00f3n<\/a><\/li><\/ul>"}}],"section":null,"issues":null,"related_content":[],"documents":null},"yoast_head":"<!-- This site is optimized with the Yoast SEO plugin v24.9 - https:\/\/yoast.com\/wordpress\/plugins\/seo\/ -->\n<title>PEAK: Educaci\u00f3n P\u00fablica, Activismo y Conozca sus Derechos - ACLU of Colorado<\/title>\n<meta name=\"robots\" content=\"index, follow, max-snippet:-1, max-image-preview:large, max-video-preview:-1\" \/>\n<link rel=\"canonical\" href=\"https:\/\/www.aclu-co.org\/es\/peak-educacion-publica-activismo-y-conozca-sus-derechos\/\" \/>\n<meta property=\"og:locale\" content=\"es_ES\" \/>\n<meta property=\"og:type\" content=\"article\" \/>\n<meta property=\"og:title\" content=\"PEAK: Educaci\u00f3n P\u00fablica, Activismo y Conozca sus Derechos - ACLU of Colorado\" \/>\n<meta property=\"og:description\" content=\"Imaginemos un mundo donde el conocimiento se convierte en poder, donde cada joven posee una comprensi\u00f3n inquebrantable de sus derechos y libertades. La ACLU de Colorado se complace en anunciar el programa PEAK: Educaci\u00f3n P\u00fablica, Activismo y Conozca sus Derechos. Con nuestro nuevo y revolucionario marco estrat\u00e9gico, The Road Ahead,&nbsp;hemos ido m\u00e1s all\u00e1 y hemos [&hellip;]\" \/>\n<meta property=\"og:url\" content=\"https:\/\/www.aclu-co.org\/es\/peak-educacion-publica-activismo-y-conozca-sus-derechos\/\" \/>\n<meta property=\"og:site_name\" content=\"ACLU of Colorado\" \/>\n<meta property=\"og:image\" content=\"https:\/\/www.aclu-co.org\/app\/uploads\/2023\/06\/peak_launchassets_canlaunch1.jpg\" \/>\n\t<meta property=\"og:image:width\" content=\"2500\" \/>\n\t<meta property=\"og:image:height\" content=\"1250\" \/>\n\t<meta property=\"og:image:type\" content=\"image\/jpeg\" \/>\n<meta name=\"twitter:card\" content=\"summary_large_image\" \/>\n<script type=\"application\/ld+json\" class=\"yoast-schema-graph\">{\"@context\":\"https:\/\/schema.org\",\"@graph\":[{\"@type\":\"WebPage\",\"@id\":\"https:\/\/www.aclu-co.org\/es\/peak-educacion-publica-activismo-y-conozca-sus-derechos\/\",\"url\":\"https:\/\/www.aclu-co.org\/es\/peak-educacion-publica-activismo-y-conozca-sus-derechos\/\",\"name\":\"PEAK: Educaci\u00f3n P\u00fablica, Activismo y Conozca sus Derechos - ACLU of Colorado\",\"isPartOf\":{\"@id\":\"https:\/\/www.aclu-co.org\/#website\"},\"datePublished\":\"2023-06-06T22:30:00+00:00\",\"inLanguage\":\"es-ES\",\"potentialAction\":[{\"@type\":\"ReadAction\",\"target\":[\"https:\/\/www.aclu-co.org\/es\/peak-educacion-publica-activismo-y-conozca-sus-derechos\/\"]}]},{\"@type\":\"WebSite\",\"@id\":\"https:\/\/www.aclu-co.org\/#website\",\"url\":\"https:\/\/www.aclu-co.org\/\",\"name\":\"ACLU of Colorado\",\"description\":\"\",\"publisher\":{\"@id\":\"https:\/\/www.aclu-co.org\/#organization\"},\"potentialAction\":[{\"@type\":\"SearchAction\",\"target\":{\"@type\":\"EntryPoint\",\"urlTemplate\":\"https:\/\/www.aclu-co.org\/?s={search_term_string}\"},\"query-input\":{\"@type\":\"PropertyValueSpecification\",\"valueRequired\":true,\"valueName\":\"search_term_string\"}}],\"inLanguage\":\"es-ES\"},{\"@type\":\"Organization\",\"@id\":\"https:\/\/www.aclu-co.org\/#organization\",\"name\":\"ACLU of Colorado\",\"url\":\"https:\/\/www.aclu-co.org\/\",\"logo\":{\"@type\":\"ImageObject\",\"inLanguage\":\"es-ES\",\"@id\":\"https:\/\/www.aclu-co.org\/#\/schema\/logo\/image\/\",\"url\":\"https:\/\/www.aclu-co.org\/app\/uploads\/2025\/08\/ACLU_Colorado_Moblie-Web_Color_RGB.png\",\"contentUrl\":\"https:\/\/www.aclu-co.org\/app\/uploads\/2025\/08\/ACLU_Colorado_Moblie-Web_Color_RGB.png\",\"width\":2084,\"height\":2084,\"caption\":\"ACLU of Colorado\"},\"image\":{\"@id\":\"https:\/\/www.aclu-co.org\/#\/schema\/logo\/image\/\"}}]}<\/script>\n<!-- \/ Yoast SEO plugin. -->","yoast_head_json":{"title":"PEAK: Educaci\u00f3n P\u00fablica, Activismo y Conozca sus Derechos - ACLU of Colorado","robots":{"index":"index","follow":"follow","max-snippet":"max-snippet:-1","max-image-preview":"max-image-preview:large","max-video-preview":"max-video-preview:-1"},"canonical":"https:\/\/www.aclu-co.org\/es\/peak-educacion-publica-activismo-y-conozca-sus-derechos\/","og_locale":"es_ES","og_type":"article","og_title":"PEAK: Educaci\u00f3n P\u00fablica, Activismo y Conozca sus Derechos - ACLU of Colorado","og_description":"Imaginemos un mundo donde el conocimiento se convierte en poder, donde cada joven posee una comprensi\u00f3n inquebrantable de sus derechos y libertades. La ACLU de Colorado se complace en anunciar el programa PEAK: Educaci\u00f3n P\u00fablica, Activismo y Conozca sus Derechos. Con nuestro nuevo y revolucionario marco estrat\u00e9gico, The Road Ahead,&nbsp;hemos ido m\u00e1s all\u00e1 y hemos [&hellip;]","og_url":"https:\/\/www.aclu-co.org\/es\/peak-educacion-publica-activismo-y-conozca-sus-derechos\/","og_site_name":"ACLU of Colorado","og_image":[{"width":2500,"height":1250,"url":"https:\/\/www.aclu-co.org\/app\/uploads\/2023\/06\/peak_launchassets_canlaunch1.jpg","type":"image\/jpeg"}],"twitter_card":"summary_large_image","schema":{"@context":"https:\/\/schema.org","@graph":[{"@type":"WebPage","@id":"https:\/\/www.aclu-co.org\/es\/peak-educacion-publica-activismo-y-conozca-sus-derechos\/","url":"https:\/\/www.aclu-co.org\/es\/peak-educacion-publica-activismo-y-conozca-sus-derechos\/","name":"PEAK: Educaci\u00f3n P\u00fablica, Activismo y Conozca sus Derechos - ACLU of Colorado","isPartOf":{"@id":"https:\/\/www.aclu-co.org\/#website"},"datePublished":"2023-06-06T22:30:00+00:00","inLanguage":"es-ES","potentialAction":[{"@type":"ReadAction","target":["https:\/\/www.aclu-co.org\/es\/peak-educacion-publica-activismo-y-conozca-sus-derechos\/"]}]},{"@type":"WebSite","@id":"https:\/\/www.aclu-co.org\/#website","url":"https:\/\/www.aclu-co.org\/","name":"ACLU of Colorado","description":"","publisher":{"@id":"https:\/\/www.aclu-co.org\/#organization"},"potentialAction":[{"@type":"SearchAction","target":{"@type":"EntryPoint","urlTemplate":"https:\/\/www.aclu-co.org\/?s={search_term_string}"},"query-input":{"@type":"PropertyValueSpecification","valueRequired":true,"valueName":"search_term_string"}}],"inLanguage":"es-ES"},{"@type":"Organization","@id":"https:\/\/www.aclu-co.org\/#organization","name":"ACLU of Colorado","url":"https:\/\/www.aclu-co.org\/","logo":{"@type":"ImageObject","inLanguage":"es-ES","@id":"https:\/\/www.aclu-co.org\/#\/schema\/logo\/image\/","url":"https:\/\/www.aclu-co.org\/app\/uploads\/2025\/08\/ACLU_Colorado_Moblie-Web_Color_RGB.png","contentUrl":"https:\/\/www.aclu-co.org\/app\/uploads\/2025\/08\/ACLU_Colorado_Moblie-Web_Color_RGB.png","width":2084,"height":2084,"caption":"ACLU of Colorado"},"image":{"@id":"https:\/\/www.aclu-co.org\/#\/schema\/logo\/image\/"}}]}},"distributor_meta":false,"distributor_terms":false,"distributor_media":false,"distributor_original_site_name":"ACLU of Colorado","distributor_original_site_url":"https:\/\/www.aclu-co.org\/es\/","push-errors":false,"_links":{"self":[{"href":"https:\/\/www.aclu-co.org\/es\/wp-json\/wp\/v2\/pages\/2446","targetHints":{"allow":["GET"]}}],"collection":[{"href":"https:\/\/www.aclu-co.org\/es\/wp-json\/wp\/v2\/pages"}],"about":[{"href":"https:\/\/www.aclu-co.org\/es\/wp-json\/wp\/v2\/types\/page"}],"author":[{"embeddable":true,"href":"https:\/\/www.aclu-co.org\/es\/wp-json\/wp\/v2\/users\/6"}],"replies":[{"embeddable":true,"href":"https:\/\/www.aclu-co.org\/es\/wp-json\/wp\/v2\/comments?post=2446"}],"version-history":[{"count":0,"href":"https:\/\/www.aclu-co.org\/es\/wp-json\/wp\/v2\/pages\/2446\/revisions"}],"wp:attachment":[{"href":"https:\/\/www.aclu-co.org\/es\/wp-json\/wp\/v2\/media?parent=2446"}],"curies":[{"name":"wp","href":"https:\/\/api.w.org\/{rel}","templated":true}]}}